{"id":16949,"date":"2022-12-28T07:29:19","date_gmt":"2022-12-28T07:29:19","guid":{"rendered":"https:\/\/casadobrasil.com.mx\/cdb2023\/?page_id=16949"},"modified":"2023-07-24T18:37:52","modified_gmt":"2023-07-24T18:37:52","slug":"aviso-de-privacidad","status":"publish","type":"page","link":"https:\/\/casadobrasil.com.mx\/cdb2023\/aviso-de-privacidad\/","title":{"rendered":"Aviso de privacidad"},"content":{"rendered":"\n<p><strong>Atentamente<\/strong><\/p>\n\n\n\n<p><strong>Casa do Brasil en M\u00e9xico<\/strong><\/p>\n\n\n\n<p>Tel\u00e9fonos: (52 55) 5515191633<\/p>\n\n\n\n<p>BOTICELLI No 75, Colonia Nonoalco Mixcoac, 03700, M\u00e9xico, D.F.<\/p>\n\n\n\n<p>Aviso importante, por favor lee la siguiente Pol\u00edtica de Privacidad y de Protecci\u00f3n de Datos Personales, en la que se informa de que manera ser\u00e1n tratados tus datos personales, as\u00ed como la finalidad que le daremos a los mismos, incluyendo los datos que has proporcionado con anterioridad a Casa do Brasil en M\u00e9xico por cualquier medio.<\/p>\n\n\n\n<p>Casa do Brasil en M\u00e9xico, de acuerdo a lo establecido por la Ley Federal de Protecci\u00f3n de Datos Personales en Posesi\u00f3n de los Particulares, hace del conocimiento del titular de los mismos, los t\u00e9rminos y las condiciones generales que rigen el uso de los datos personales que Casa do Brasil en M\u00e9xico recibe del titular, durante el proceso de registro para ser \u201cCliente, Alumno o Prospecto de Cliente o Alumno\u201d. En este sentido, al proporcionarnos tus datos personales por cualquier medio y manifestar tu consentimiento, los datos recabados ser\u00e1n utilizados bajo los siguientes t\u00e9rminos:<\/p>\n\n\n\n<ol class=\"wp-block-list\">\n<li>Enviarle v\u00eda correo electr\u00f3nico o por cualquier otro medio, informaci\u00f3n de inter\u00e9s relacionada con los cursos y actividades culturales que se imparten en las diferentes sedes de Casa do Brasil en M\u00e9xico.<\/li>\n\n\n\n<li>Contactar al interesado ya sea v\u00eda telef\u00f3nica o por correo electr\u00f3nico para establecer comunicaci\u00f3n con \u00e9l y para que \u00e9ste reciba la informaci\u00f3n y servicios educativos, culturales y\/o profesionales que Casa do Brasil en M\u00e9xico presta;<\/li>\n\n\n\n<li>Ser utilizados para cumplir con el objetivo y fines de la prestaci\u00f3n de los servicios profesionales al cliente, alumno o prospecto de cliente o alumno;<\/li>\n\n\n\n<li>Los datos personales de cada titular, ya sea un cliente, alumno o prospecto de cliente o alumno, son manejados con car\u00e1cter de confidencialidad y no ser\u00e1n proporcionados a ninguna persona f\u00edsica o moral, sin el consentimiento del interesado. Asimismo, no ser\u00e1n utilizados fuera de los fines de la prestaci\u00f3n de los servicios educativos, culturales y\/o profesionales de Casa do Brasil en M\u00e9xico, excepto cuando exista alg\u00fan mandato legal o judicial para hacerlo;<\/li>\n\n\n\n<li>El acceso a la informaci\u00f3n personal de cada titular est\u00e1 limitada s\u00f3lo a aquellos profesionistas o empleados que presten sus servicios a Casa do Brasil en M\u00e9xico, quienes por cuestiones del normal desarrollo del objeto de la prestaci\u00f3n de los servicios educativos, culturales y\/o profesionales, necesitan tener contacto con los titulares para proporcionarles tales servicios, as\u00ed como los solicitados por los propios titulares;<\/li>\n\n\n\n<li>Recabamos, \u00fanicamente, sus datos personales no sensibles para los efectos mencionados en el presente Aviso de Privacidad. En este sentido, Casa do Brasil en M\u00e9xico hace de su conocimiento que los datos personales que proporcione ser\u00e1n tratados y resguardados con base en los principios de licitud, calidad, consentimiento, informaci\u00f3n, finalidad, lealtad, proporcionalidad y responsabilidad, consagrados en la Ley Federal de Protecci\u00f3n de Datos Personales en Posesi\u00f3n de los Particulares;<\/li>\n\n\n\n<li>En este sentido, y para dar cumplimiento a los servicios que presta Casa do Brasil en M\u00e9xico, se estar\u00e1n enviando ciertos comunicados relacionados con los servicios educativos, culturales y\/o profesionales, los cuales se consideran inherentes al patrocinio del cliente o prospecto de cliente;<\/li>\n\n\n\n<li>Casa do Brasil en M\u00e9xico cuenta con las medidas de seguridad t\u00e9cnicas, f\u00edsicas y administrativas para el resguardo de sus datos personales;<\/li>\n\n\n\n<li>Casa do Brasil en M\u00e9xico puede realizar enmiendas a estas pol\u00edticas, siempre y cuando est\u00e9n dentro del marco legal vigente y aplicable. Los cambios realizados que afecten directamente al uso que le demos a su informaci\u00f3n personal le ser\u00e1n notificados v\u00eda correo electr\u00f3nico;<\/li>\n\n\n\n<li>Para el caso en el que desees ejercer tus derechos ARCO (acceso, rectificaci\u00f3n, cancelaci\u00f3n u oposici\u00f3n) a la publicaci\u00f3n de tus datos personales, deber\u00e1s redactar un correo electr\u00f3nico a cursos@casadobrasil.com.mx&nbsp;para que tu solicitud sea procesada.<\/li>\n<\/ol>\n\n\n\n<p>\u2014\u2014\u2014\u2014\u2014\u2014\u2014\u2014\u2014\u2014\u2014\u2014\u2014\u2014\u2014\u2014\u2014\u2014\u2014\u2014\u2014\u2014\u2014\u2014\u2014\u2014\u2014\u2014\u2014\u2014\u2014\u2014\u2014\u2014\u2014\u2014\u2014\u2014\u2014\u2014\u2014\u2014\u2014\u2014\u2014\u2014\u2014\u2014\u2014\u2014\u2014\u2014\u2014\u2014\u2014\u2014<\/p>\n\n\n\n<p>\u201cEste mensaje est\u00e1 destinado para el uso de la persona a la que est\u00e1 dirigido y contiene informaci\u00f3n que se encuentra clasificada como reservada de conformidad con los art\u00edculos 2, 8, 12, 14, 17, 36, 37, 38 y 46 de la LEY FEDERAL DE PROTECCI\u00d3N DE DATOS PERSONALES EN POSESI\u00d3N DE LOS PARTICULARES en correlaci\u00f3n con los numerales 3, 4, 5, 9, 37, 44, 47, 57, 60, 61, 71 y 74 del reglamento de la misma Ley. Si usted recibe este comunicado por error, evite su reproducci\u00f3n o distribuci\u00f3n y notifique inmediatamente esta situaci\u00f3n al remitente, eliminando de su computadora cualquier documento adjunto as\u00ed como este mensaje.\u201d<\/p>\n\n\n\n<p>\u2014\u2014\u2014\u2014\u2014\u2014\u2014\u2014\u2014\u2014\u2014\u2014\u2014\u2014\u2014\u2014\u2014\u2014\u2014\u2014\u2014\u2014\u2014\u2014\u2014\u2014\u2014\u2014\u2014\u2014\u2014\u2014\u2014\u2014\u2014\u2014\u2014\u2014\u2014\u2014\u2014-<\/p>\n\n\n\n<p><\/p>\n","protected":false},"excerpt":{"rendered":"<p>Atentamente Casa do Brasil en M\u00e9xico Tel\u00e9fonos: (52 55) 5515191633 BOTICELLI No 75, Colonia Nonoalco Mixcoac, 03700, M\u00e9xico, D.F. Aviso importante, por favor lee la siguiente Pol\u00edtica de Privacidad y&#8230;<\/p>\n","protected":false},"author":1,"featured_media":0,"parent":0,"menu_order":0,"comment_status":"closed","ping_status":"closed","template":"","meta":{"productId":0,"courseId":0,"_joinchat":[],"footnotes":""},"class_list":["post-16949","page","type-page","status-publish"],"yoast_head":"<!-- This site is optimized with the Yoast SEO plugin v27.4 - https:\/\/yoast.com\/product\/yoast-seo-wordpress\/ -->\n<title>Aviso de privacidad - Casa do Brasil en M\u00e9xico \u2013 Cursos de Portugu\u00e9s<\/title>\n<meta name=\"robots\" content=\"index, follow, max-snippet:-1, max-image-preview:large, max-video-preview:-1\" \/>\n<link rel=\"canonical\" href=\"https:\/\/casadobrasil.com.mx\/cdb2023\/aviso-de-privacidad\/\" \/>\n<meta property=\"og:locale\" content=\"es_MX\" \/>\n<meta property=\"og:type\" content=\"article\" \/>\n<meta property=\"og:title\" content=\"Aviso de privacidad - Casa do Brasil en M\u00e9xico \u2013 Cursos de Portugu\u00e9s\" \/>\n<meta property=\"og:description\" content=\"Atentamente Casa do Brasil en M\u00e9xico Tel\u00e9fonos: (52 55) 5515191633 BOTICELLI No 75, Colonia Nonoalco Mixcoac, 03700, M\u00e9xico, D.F. Aviso importante, por favor lee la siguiente Pol\u00edtica de Privacidad y...\" \/>\n<meta property=\"og:url\" content=\"https:\/\/casadobrasil.com.mx\/cdb2023\/aviso-de-privacidad\/\" \/>\n<meta property=\"og:site_name\" content=\"Casa do Brasil en M\u00e9xico \u2013 Cursos de Portugu\u00e9s\" \/>\n<meta property=\"article:publisher\" content=\"https:\/\/www.facebook.com\/casadobrasilmx\/\" \/>\n<meta property=\"article:modified_time\" content=\"2023-07-24T18:37:52+00:00\" \/>\n<meta name=\"twitter:card\" content=\"summary_large_image\" \/>\n<meta name=\"twitter:site\" content=\"@casadobrasil\" \/>\n<meta name=\"twitter:label1\" content=\"Tiempo de lectura\" \/>\n\t<meta name=\"twitter:data1\" content=\"4 minutos\" \/>\n<script type=\"application\/ld+json\" class=\"yoast-schema-graph\">{\"@context\":\"https:\\\/\\\/schema.org\",\"@graph\":[{\"@type\":\"WebPage\",\"@id\":\"https:\\\/\\\/casadobrasil.com.mx\\\/cdb2023\\\/aviso-de-privacidad\\\/\",\"url\":\"https:\\\/\\\/casadobrasil.com.mx\\\/cdb2023\\\/aviso-de-privacidad\\\/\",\"name\":\"Aviso de privacidad - Casa do Brasil en M\u00e9xico \u2013 Cursos de Portugu\u00e9s\",\"isPartOf\":{\"@id\":\"https:\\\/\\\/casadobrasil.com.mx\\\/cdb2023\\\/#website\"},\"datePublished\":\"2022-12-28T07:29:19+00:00\",\"dateModified\":\"2023-07-24T18:37:52+00:00\",\"breadcrumb\":{\"@id\":\"https:\\\/\\\/casadobrasil.com.mx\\\/cdb2023\\\/aviso-de-privacidad\\\/#breadcrumb\"},\"inLanguage\":\"es\",\"potentialAction\":[{\"@type\":\"ReadAction\",\"target\":[\"https:\\\/\\\/casadobrasil.com.mx\\\/cdb2023\\\/aviso-de-privacidad\\\/\"]}]},{\"@type\":\"BreadcrumbList\",\"@id\":\"https:\\\/\\\/casadobrasil.com.mx\\\/cdb2023\\\/aviso-de-privacidad\\\/#breadcrumb\",\"itemListElement\":[{\"@type\":\"ListItem\",\"position\":1,\"name\":\"Inicio\",\"item\":\"https:\\\/\\\/casadobrasil.com.mx\\\/cdb2023\\\/\"},{\"@type\":\"ListItem\",\"position\":2,\"name\":\"Aviso de privacidad\"}]},{\"@type\":\"WebSite\",\"@id\":\"https:\\\/\\\/casadobrasil.com.mx\\\/cdb2023\\\/#website\",\"url\":\"https:\\\/\\\/casadobrasil.com.mx\\\/cdb2023\\\/\",\"name\":\"Casa do Brasil en M\u00e9xico \u2013 Cursos de Portugu\u00e9s\",\"description\":\"Cursos de Portugu\u00e9s Online en M\u00e9xico. Profesores nativos Gobierno de Brasil Celpe-bras\",\"publisher\":{\"@id\":\"https:\\\/\\\/casadobrasil.com.mx\\\/cdb2023\\\/#organization\"},\"potentialAction\":[{\"@type\":\"SearchAction\",\"target\":{\"@type\":\"EntryPoint\",\"urlTemplate\":\"https:\\\/\\\/casadobrasil.com.mx\\\/cdb2023\\\/?s={search_term_string}\"},\"query-input\":{\"@type\":\"PropertyValueSpecification\",\"valueRequired\":true,\"valueName\":\"search_term_string\"}}],\"inLanguage\":\"es\"},{\"@type\":\"Organization\",\"@id\":\"https:\\\/\\\/casadobrasil.com.mx\\\/cdb2023\\\/#organization\",\"name\":\"Casa do Brasil en M\u00e9xico \u2013 Cursos de Portugu\u00e9s\",\"url\":\"https:\\\/\\\/casadobrasil.com.mx\\\/cdb2023\\\/\",\"logo\":{\"@type\":\"ImageObject\",\"inLanguage\":\"es\",\"@id\":\"https:\\\/\\\/casadobrasil.com.mx\\\/cdb2023\\\/#\\\/schema\\\/logo\\\/image\\\/\",\"url\":\"https:\\\/\\\/casadobrasil.com.mx\\\/cdb2023\\\/wp-content\\\/uploads\\\/2022\\\/12\\\/logo-casa-do-brasil.png\",\"contentUrl\":\"https:\\\/\\\/casadobrasil.com.mx\\\/cdb2023\\\/wp-content\\\/uploads\\\/2022\\\/12\\\/logo-casa-do-brasil.png\",\"width\":480,\"height\":270,\"caption\":\"Casa do Brasil en M\u00e9xico \u2013 Cursos de Portugu\u00e9s\"},\"image\":{\"@id\":\"https:\\\/\\\/casadobrasil.com.mx\\\/cdb2023\\\/#\\\/schema\\\/logo\\\/image\\\/\"},\"sameAs\":[\"https:\\\/\\\/www.facebook.com\\\/casadobrasilmx\\\/\",\"https:\\\/\\\/x.com\\\/casadobrasil\"]}]}<\/script>\n<!-- \/ Yoast SEO plugin. -->","yoast_head_json":{"title":"Aviso de privacidad - Casa do Brasil en M\u00e9xico \u2013 Cursos de Portugu\u00e9s","robots":{"index":"index","follow":"follow","max-snippet":"max-snippet:-1","max-image-preview":"max-image-preview:large","max-video-preview":"max-video-preview:-1"},"canonical":"https:\/\/casadobrasil.com.mx\/cdb2023\/aviso-de-privacidad\/","og_locale":"es_MX","og_type":"article","og_title":"Aviso de privacidad - Casa do Brasil en M\u00e9xico \u2013 Cursos de Portugu\u00e9s","og_description":"Atentamente Casa do Brasil en M\u00e9xico Tel\u00e9fonos: (52 55) 5515191633 BOTICELLI No 75, Colonia Nonoalco Mixcoac, 03700, M\u00e9xico, D.F. Aviso importante, por favor lee la siguiente Pol\u00edtica de Privacidad y...","og_url":"https:\/\/casadobrasil.com.mx\/cdb2023\/aviso-de-privacidad\/","og_site_name":"Casa do Brasil en M\u00e9xico \u2013 Cursos de Portugu\u00e9s","article_publisher":"https:\/\/www.facebook.com\/casadobrasilmx\/","article_modified_time":"2023-07-24T18:37:52+00:00","twitter_card":"summary_large_image","twitter_site":"@casadobrasil","twitter_misc":{"Tiempo de lectura":"4 minutos"},"schema":{"@context":"https:\/\/schema.org","@graph":[{"@type":"WebPage","@id":"https:\/\/casadobrasil.com.mx\/cdb2023\/aviso-de-privacidad\/","url":"https:\/\/casadobrasil.com.mx\/cdb2023\/aviso-de-privacidad\/","name":"Aviso de privacidad - Casa do Brasil en M\u00e9xico \u2013 Cursos de Portugu\u00e9s","isPartOf":{"@id":"https:\/\/casadobrasil.com.mx\/cdb2023\/#website"},"datePublished":"2022-12-28T07:29:19+00:00","dateModified":"2023-07-24T18:37:52+00:00","breadcrumb":{"@id":"https:\/\/casadobrasil.com.mx\/cdb2023\/aviso-de-privacidad\/#breadcrumb"},"inLanguage":"es","potentialAction":[{"@type":"ReadAction","target":["https:\/\/casadobrasil.com.mx\/cdb2023\/aviso-de-privacidad\/"]}]},{"@type":"BreadcrumbList","@id":"https:\/\/casadobrasil.com.mx\/cdb2023\/aviso-de-privacidad\/#breadcrumb","itemListElement":[{"@type":"ListItem","position":1,"name":"Inicio","item":"https:\/\/casadobrasil.com.mx\/cdb2023\/"},{"@type":"ListItem","position":2,"name":"Aviso de privacidad"}]},{"@type":"WebSite","@id":"https:\/\/casadobrasil.com.mx\/cdb2023\/#website","url":"https:\/\/casadobrasil.com.mx\/cdb2023\/","name":"Casa do Brasil en M\u00e9xico \u2013 Cursos de Portugu\u00e9s","description":"Cursos de Portugu\u00e9s Online en M\u00e9xico. Profesores nativos Gobierno de Brasil Celpe-bras","publisher":{"@id":"https:\/\/casadobrasil.com.mx\/cdb2023\/#organization"},"potentialAction":[{"@type":"SearchAction","target":{"@type":"EntryPoint","urlTemplate":"https:\/\/casadobrasil.com.mx\/cdb2023\/?s={search_term_string}"},"query-input":{"@type":"PropertyValueSpecification","valueRequired":true,"valueName":"search_term_string"}}],"inLanguage":"es"},{"@type":"Organization","@id":"https:\/\/casadobrasil.com.mx\/cdb2023\/#organization","name":"Casa do Brasil en M\u00e9xico \u2013 Cursos de Portugu\u00e9s","url":"https:\/\/casadobrasil.com.mx\/cdb2023\/","logo":{"@type":"ImageObject","inLanguage":"es","@id":"https:\/\/casadobrasil.com.mx\/cdb2023\/#\/schema\/logo\/image\/","url":"https:\/\/casadobrasil.com.mx\/cdb2023\/wp-content\/uploads\/2022\/12\/logo-casa-do-brasil.png","contentUrl":"https:\/\/casadobrasil.com.mx\/cdb2023\/wp-content\/uploads\/2022\/12\/logo-casa-do-brasil.png","width":480,"height":270,"caption":"Casa do Brasil en M\u00e9xico \u2013 Cursos de Portugu\u00e9s"},"image":{"@id":"https:\/\/casadobrasil.com.mx\/cdb2023\/#\/schema\/logo\/image\/"},"sameAs":["https:\/\/www.facebook.com\/casadobrasilmx\/","https:\/\/x.com\/casadobrasil"]}]}},"_links":{"self":[{"href":"https:\/\/casadobrasil.com.mx\/cdb2023\/wp-json\/wp\/v2\/pages\/16949","targetHints":{"allow":["GET"]}}],"collection":[{"href":"https:\/\/casadobrasil.com.mx\/cdb2023\/wp-json\/wp\/v2\/pages"}],"about":[{"href":"https:\/\/casadobrasil.com.mx\/cdb2023\/wp-json\/wp\/v2\/types\/page"}],"author":[{"embeddable":true,"href":"https:\/\/casadobrasil.com.mx\/cdb2023\/wp-json\/wp\/v2\/users\/1"}],"replies":[{"embeddable":true,"href":"https:\/\/casadobrasil.com.mx\/cdb2023\/wp-json\/wp\/v2\/comments?post=16949"}],"version-history":[{"count":0,"href":"https:\/\/casadobrasil.com.mx\/cdb2023\/wp-json\/wp\/v2\/pages\/16949\/revisions"}],"wp:attachment":[{"href":"https:\/\/casadobrasil.com.mx\/cdb2023\/wp-json\/wp\/v2\/media?parent=16949"}],"curies":[{"name":"wp","href":"https:\/\/api.w.org\/{rel}","templated":true}]}}