{"id":17464,"date":"2023-03-23T01:47:45","date_gmt":"2023-03-23T01:47:45","guid":{"rendered":"https:\/\/casadobrasil.com.mx\/cdb2023\/eb-my-courses\/"},"modified":"2024-11-11T14:18:25","modified_gmt":"2024-11-11T20:18:25","slug":"eb-my-courses","status":"publish","type":"page","link":"https:\/\/casadobrasil.com.mx\/cdb2023\/eb-my-courses\/","title":{"rendered":"My Courses"},"content":{"rendered":"<div class=\"edwiser-bridge\"><div class=\"eb-my-courses-wrapper\"><span class=\"eb-my-courses-h2\">My Courses<\/span>\r\n\t\t\t\t\t\t<p>\r\n\t\t\t\tYou are not logged in. <a href='https:\/\/casadobrasil.com.mx\/cdb2023\/user-account-new\/'>Da click aqu\u00ed <\/a> to login.\t\t\t<\/p>\r\n\t\t\t<\/div><\/div>\n","protected":false},"excerpt":{"rendered":"My Courses You are not logged in. Da click aqu\u00ed to login.","protected":false},"author":1,"featured_media":0,"parent":0,"menu_order":0,"comment_status":"closed","ping_status":"closed","template":"","meta":{"productId":0,"courseId":0,"_joinchat":[],"footnotes":""},"class_list":["post-17464","page","type-page","status-publish"],"yoast_head":"<!-- This site is optimized with the Yoast SEO plugin v27.4 - https:\/\/yoast.com\/product\/yoast-seo-wordpress\/ -->\n<title>My Courses - Casa do Brasil en M\u00e9xico \u2013 Cursos de Portugu\u00e9s<\/title>\n<meta name=\"robots\" content=\"index, follow, max-snippet:-1, max-image-preview:large, max-video-preview:-1\" \/>\n<link rel=\"canonical\" href=\"https:\/\/casadobrasil.com.mx\/cdb2023\/eb-my-courses\/\" \/>\n<meta property=\"og:locale\" content=\"es_MX\" \/>\n<meta property=\"og:type\" content=\"article\" \/>\n<meta property=\"og:title\" content=\"My Courses - Casa do Brasil en M\u00e9xico \u2013 Cursos de Portugu\u00e9s\" \/>\n<meta property=\"og:url\" content=\"https:\/\/casadobrasil.com.mx\/cdb2023\/eb-my-courses\/\" \/>\n<meta property=\"og:site_name\" content=\"Casa do Brasil en M\u00e9xico \u2013 Cursos de Portugu\u00e9s\" \/>\n<meta property=\"article:publisher\" content=\"https:\/\/www.facebook.com\/casadobrasilmx\/\" \/>\n<meta property=\"article:modified_time\" content=\"2024-11-11T20:18:25+00:00\" \/>\n<meta name=\"twitter:card\" content=\"summary_large_image\" \/>\n<meta name=\"twitter:site\" content=\"@casadobrasil\" \/>\n<meta name=\"twitter:label1\" content=\"Tiempo de lectura\" \/>\n\t<meta name=\"twitter:data1\" content=\"1 minuto\" \/>\n<script type=\"application\/ld+json\" class=\"yoast-schema-graph\">{\"@context\":\"https:\\\/\\\/schema.org\",\"@graph\":[{\"@type\":\"WebPage\",\"@id\":\"https:\\\/\\\/casadobrasil.com.mx\\\/cdb2023\\\/eb-my-courses\\\/\",\"url\":\"https:\\\/\\\/casadobrasil.com.mx\\\/cdb2023\\\/eb-my-courses\\\/\",\"name\":\"My Courses - Casa do Brasil en M\u00e9xico \u2013 Cursos de Portugu\u00e9s\",\"isPartOf\":{\"@id\":\"https:\\\/\\\/casadobrasil.com.mx\\\/cdb2023\\\/#website\"},\"datePublished\":\"2023-03-23T01:47:45+00:00\",\"dateModified\":\"2024-11-11T20:18:25+00:00\",\"breadcrumb\":{\"@id\":\"https:\\\/\\\/casadobrasil.com.mx\\\/cdb2023\\\/eb-my-courses\\\/#breadcrumb\"},\"inLanguage\":\"es\",\"potentialAction\":[{\"@type\":\"ReadAction\",\"target\":[\"https:\\\/\\\/casadobrasil.com.mx\\\/cdb2023\\\/eb-my-courses\\\/\"]}]},{\"@type\":\"BreadcrumbList\",\"@id\":\"https:\\\/\\\/casadobrasil.com.mx\\\/cdb2023\\\/eb-my-courses\\\/#breadcrumb\",\"itemListElement\":[{\"@type\":\"ListItem\",\"position\":1,\"name\":\"Inicio\",\"item\":\"https:\\\/\\\/casadobrasil.com.mx\\\/cdb2023\\\/\"},{\"@type\":\"ListItem\",\"position\":2,\"name\":\"My Courses\"}]},{\"@type\":\"WebSite\",\"@id\":\"https:\\\/\\\/casadobrasil.com.mx\\\/cdb2023\\\/#website\",\"url\":\"https:\\\/\\\/casadobrasil.com.mx\\\/cdb2023\\\/\",\"name\":\"Casa do Brasil en M\u00e9xico \u2013 Cursos de Portugu\u00e9s\",\"description\":\"Cursos de Portugu\u00e9s Online en M\u00e9xico. Profesores nativos Gobierno de Brasil Celpe-bras\",\"publisher\":{\"@id\":\"https:\\\/\\\/casadobrasil.com.mx\\\/cdb2023\\\/#organization\"},\"potentialAction\":[{\"@type\":\"SearchAction\",\"target\":{\"@type\":\"EntryPoint\",\"urlTemplate\":\"https:\\\/\\\/casadobrasil.com.mx\\\/cdb2023\\\/?s={search_term_string}\"},\"query-input\":{\"@type\":\"PropertyValueSpecification\",\"valueRequired\":true,\"valueName\":\"search_term_string\"}}],\"inLanguage\":\"es\"},{\"@type\":\"Organization\",\"@id\":\"https:\\\/\\\/casadobrasil.com.mx\\\/cdb2023\\\/#organization\",\"name\":\"Casa do Brasil en M\u00e9xico \u2013 Cursos de Portugu\u00e9s\",\"url\":\"https:\\\/\\\/casadobrasil.com.mx\\\/cdb2023\\\/\",\"logo\":{\"@type\":\"ImageObject\",\"inLanguage\":\"es\",\"@id\":\"https:\\\/\\\/casadobrasil.com.mx\\\/cdb2023\\\/#\\\/schema\\\/logo\\\/image\\\/\",\"url\":\"https:\\\/\\\/casadobrasil.com.mx\\\/cdb2023\\\/wp-content\\\/uploads\\\/2022\\\/12\\\/logo-casa-do-brasil.png\",\"contentUrl\":\"https:\\\/\\\/casadobrasil.com.mx\\\/cdb2023\\\/wp-content\\\/uploads\\\/2022\\\/12\\\/logo-casa-do-brasil.png\",\"width\":480,\"height\":270,\"caption\":\"Casa do Brasil en M\u00e9xico \u2013 Cursos de Portugu\u00e9s\"},\"image\":{\"@id\":\"https:\\\/\\\/casadobrasil.com.mx\\\/cdb2023\\\/#\\\/schema\\\/logo\\\/image\\\/\"},\"sameAs\":[\"https:\\\/\\\/www.facebook.com\\\/casadobrasilmx\\\/\",\"https:\\\/\\\/x.com\\\/casadobrasil\"]}]}<\/script>\n<!-- \/ Yoast SEO plugin. -->","yoast_head_json":{"title":"My Courses - Casa do Brasil en M\u00e9xico \u2013 Cursos de Portugu\u00e9s","robots":{"index":"index","follow":"follow","max-snippet":"max-snippet:-1","max-image-preview":"max-image-preview:large","max-video-preview":"max-video-preview:-1"},"canonical":"https:\/\/casadobrasil.com.mx\/cdb2023\/eb-my-courses\/","og_locale":"es_MX","og_type":"article","og_title":"My Courses - Casa do Brasil en M\u00e9xico \u2013 Cursos de Portugu\u00e9s","og_url":"https:\/\/casadobrasil.com.mx\/cdb2023\/eb-my-courses\/","og_site_name":"Casa do Brasil en M\u00e9xico \u2013 Cursos de Portugu\u00e9s","article_publisher":"https:\/\/www.facebook.com\/casadobrasilmx\/","article_modified_time":"2024-11-11T20:18:25+00:00","twitter_card":"summary_large_image","twitter_site":"@casadobrasil","twitter_misc":{"Tiempo de lectura":"1 minuto"},"schema":{"@context":"https:\/\/schema.org","@graph":[{"@type":"WebPage","@id":"https:\/\/casadobrasil.com.mx\/cdb2023\/eb-my-courses\/","url":"https:\/\/casadobrasil.com.mx\/cdb2023\/eb-my-courses\/","name":"My Courses - Casa do Brasil en M\u00e9xico \u2013 Cursos de Portugu\u00e9s","isPartOf":{"@id":"https:\/\/casadobrasil.com.mx\/cdb2023\/#website"},"datePublished":"2023-03-23T01:47:45+00:00","dateModified":"2024-11-11T20:18:25+00:00","breadcrumb":{"@id":"https:\/\/casadobrasil.com.mx\/cdb2023\/eb-my-courses\/#breadcrumb"},"inLanguage":"es","potentialAction":[{"@type":"ReadAction","target":["https:\/\/casadobrasil.com.mx\/cdb2023\/eb-my-courses\/"]}]},{"@type":"BreadcrumbList","@id":"https:\/\/casadobrasil.com.mx\/cdb2023\/eb-my-courses\/#breadcrumb","itemListElement":[{"@type":"ListItem","position":1,"name":"Inicio","item":"https:\/\/casadobrasil.com.mx\/cdb2023\/"},{"@type":"ListItem","position":2,"name":"My Courses"}]},{"@type":"WebSite","@id":"https:\/\/casadobrasil.com.mx\/cdb2023\/#website","url":"https:\/\/casadobrasil.com.mx\/cdb2023\/","name":"Casa do Brasil en M\u00e9xico \u2013 Cursos de Portugu\u00e9s","description":"Cursos de Portugu\u00e9s Online en M\u00e9xico. Profesores nativos Gobierno de Brasil Celpe-bras","publisher":{"@id":"https:\/\/casadobrasil.com.mx\/cdb2023\/#organization"},"potentialAction":[{"@type":"SearchAction","target":{"@type":"EntryPoint","urlTemplate":"https:\/\/casadobrasil.com.mx\/cdb2023\/?s={search_term_string}"},"query-input":{"@type":"PropertyValueSpecification","valueRequired":true,"valueName":"search_term_string"}}],"inLanguage":"es"},{"@type":"Organization","@id":"https:\/\/casadobrasil.com.mx\/cdb2023\/#organization","name":"Casa do Brasil en M\u00e9xico \u2013 Cursos de Portugu\u00e9s","url":"https:\/\/casadobrasil.com.mx\/cdb2023\/","logo":{"@type":"ImageObject","inLanguage":"es","@id":"https:\/\/casadobrasil.com.mx\/cdb2023\/#\/schema\/logo\/image\/","url":"https:\/\/casadobrasil.com.mx\/cdb2023\/wp-content\/uploads\/2022\/12\/logo-casa-do-brasil.png","contentUrl":"https:\/\/casadobrasil.com.mx\/cdb2023\/wp-content\/uploads\/2022\/12\/logo-casa-do-brasil.png","width":480,"height":270,"caption":"Casa do Brasil en M\u00e9xico \u2013 Cursos de Portugu\u00e9s"},"image":{"@id":"https:\/\/casadobrasil.com.mx\/cdb2023\/#\/schema\/logo\/image\/"},"sameAs":["https:\/\/www.facebook.com\/casadobrasilmx\/","https:\/\/x.com\/casadobrasil"]}]}},"_links":{"self":[{"href":"https:\/\/casadobrasil.com.mx\/cdb2023\/wp-json\/wp\/v2\/pages\/17464","targetHints":{"allow":["GET"]}}],"collection":[{"href":"https:\/\/casadobrasil.com.mx\/cdb2023\/wp-json\/wp\/v2\/pages"}],"about":[{"href":"https:\/\/casadobrasil.com.mx\/cdb2023\/wp-json\/wp\/v2\/types\/page"}],"author":[{"embeddable":true,"href":"https:\/\/casadobrasil.com.mx\/cdb2023\/wp-json\/wp\/v2\/users\/1"}],"replies":[{"embeddable":true,"href":"https:\/\/casadobrasil.com.mx\/cdb2023\/wp-json\/wp\/v2\/comments?post=17464"}],"version-history":[{"count":1,"href":"https:\/\/casadobrasil.com.mx\/cdb2023\/wp-json\/wp\/v2\/pages\/17464\/revisions"}],"predecessor-version":[{"id":31332,"href":"https:\/\/casadobrasil.com.mx\/cdb2023\/wp-json\/wp\/v2\/pages\/17464\/revisions\/31332"}],"wp:attachment":[{"href":"https:\/\/casadobrasil.com.mx\/cdb2023\/wp-json\/wp\/v2\/media?parent=17464"}],"curies":[{"name":"wp","href":"https:\/\/api.w.org\/{rel}","templated":true}]}}