{"id":18102,"date":"2023-01-24T08:29:58","date_gmt":"2023-01-24T14:29:58","guid":{"rendered":"https:\/\/casadobrasil.com.mx\/?page_id=17200"},"modified":"2023-01-24T08:29:58","modified_gmt":"2023-01-24T14:29:58","slug":"requisitos-curso-online-de-portugues-empresas","status":"publish","type":"page","link":"https:\/\/casadobrasil.com.mx\/cdb2023\/requisitos-curso-online-de-portugues-empresas\/","title":{"rendered":"Requisitos Curso Online de Portugu\u00e9s Empresas"},"content":{"rendered":"<p><\/p>\n<h1 class=\"wp-block-heading\">Bem-vind@s!<\/h1>\n<h3>Conoce tu Escuela Online<\/h3>\n<h2>1. Plataforma de Alumnos (Moodle)<\/h2>\n<ul>\n<li>Aqu\u00ed est\u00e1 todo el contenido de tu curso. Con material y ejercicios multimedia.<\/li>\n<li>Aqu\u00ed presentar\u00e1s tus ex\u00e1menes escritos<\/li>\n<li>Tendr\u00e1s comunicaci\u00f3n directa con tu profesora<\/li>\n<li>En tu calendario escolar estar\u00e1n fijados tus fechas de ex\u00e1menes y d\u00edas festivos<\/li>\n<li>En las bit\u00e1coras podr\u00e1s ver los temas vistos en cada clase<\/li>\n<li>TU LINK DE ZOOM podr\u00e1s localizarlo dentro de tu plataforma Moodle.<\/li>\n<li><b>Asiste el video abajo para ver nociones b\u00e1sicas de Moodle y en donde encontrar tu LINK de ZOOM:<br><\/b><\/li>\n<\/ul>\n<p><iframe loading=\"lazy\" title=\"\u00bfMi link de Zoom? Calendario, Ex\u00e1menes, Env\u00edo de Mensajer\u00eda Interna\" width=\"1080\" height=\"608\" src=\"https:\/\/www.youtube.com\/embed\/bkDj0SzjTFY?feature=oembed\" frameborder=\"0\" allow=\"accelerometer; autoplay; clipboard-write; encrypted-media; gyroscope; picture-in-picture; web-share\" allowfullscreen><\/iframe><\/p>\n<h2>Crear y acceder a una cuenta ZOOM:<\/h2>\n<ul>\n<li>Es indispensable que abras un cuenta en <a href=\"http:\/\/www.Zoom.us\" target=\"_blank\" rel=\"noopener\">www.Zoom.us<\/a> solo te tomar\u00e1 2 minutos. Es mandatorio tener cuenta en zoom para ingresar a tus clases.<\/li>\n<\/ul>\n<p><iframe loading=\"lazy\" title=\"Zoom: Creaci\u00f3n de Cuenta, Ingreso a Clase, Si llegas Tarde\" width=\"1080\" height=\"608\" src=\"https:\/\/www.youtube.com\/embed\/wqBUsIMJ9So?feature=oembed\" frameborder=\"0\" allow=\"accelerometer; autoplay; clipboard-write; encrypted-media; gyroscope; picture-in-picture; web-share\" allowfullscreen><\/iframe><\/p>\n<p><\/p>\n<h2>Se usa Moodle en clase en lugar de libro f\u00edsico pero puedes bajar el libro en PDF de tu curso como material opcional:&nbsp;<\/h2>\n<p>Contrase\u00f1a para abrir el libro: FCPT@2020<\/p>\n<p><b>Tutorial de como descargar libro:<\/b><\/p>\n<p><iframe loading=\"lazy\" title=\"Descarga tu libro en PDF\" width=\"1080\" height=\"810\" src=\"https:\/\/www.youtube.com\/embed\/9oyAJdEKp_E?feature=oembed\" frameborder=\"0\" allow=\"accelerometer; autoplay; clipboard-write; encrypted-media; gyroscope; picture-in-picture; web-share\" allowfullscreen><\/iframe><\/p>\n<p><b>No est\u00e1 habilitado imprimir hojas&nbsp; &#8211; No est\u00e1 habilitado extraer im\u00e1genes o contenido<\/b><\/p>\n<p>Si lo deseas puedes comprar el libro por separado como complemento. No se usar\u00e1 en clase, es totalmente opcional, solicita informes v\u00eda whatsapp.<\/p>\n<p><\/p>\n<h1 align=\"center\">Reglamento Curso ONLINE<\/h1>\n<ul>\n<li><b>No hay grabaciones de clase<\/b>. Si llegas a faltar por cualquier eventualidad, comenta con tu jefe de grupo o RRHH o responsable del \u00e1rea.&nbsp;<\/li>\n<li>Contar\u00e9 con las herramientas para trabajar de manera remota: una computadora de escritorio o laptop (PC o Mac) con videoc\u00e1mara, micr\u00f3fono y acceso estable a internet. Mi equipo estar\u00e1 actualizado y soportar\u00e1 las aplicaciones que se sugieren para el trabajo en clase Moodle (la plataforma es v\u00eda WEB y no necesita instalarse ning\u00fan tipo de software) y para videoconferencia con ZOOM<\/li>\n<li>Es responsabilidad del alumno asistir puntualmente a sus clases. El alumno est\u00e1 consciente al contratar su curso de las fecha de inicio y t\u00e9rmino de su curso.<\/li>\n<li>Utilizar\u00e9 la herramienta MOODLE como plataforma para la recepci\u00f3n y env\u00edo de tareas, aplicaci\u00f3n de ex\u00e1menes e intercambio de recursos y materiales, adem\u00e1s de \u00fanico medio de comunicaci\u00f3n con mi profesor.<\/li>\n<li>Al acceder a la sesi\u00f3n en ZOOM, mi perfil llevar\u00e1 mi nombre completo y mi foto.<\/li>\n<li>Asistir\u00e9 de manera puntual a mi clase remota por videoconferencia y cumplir\u00e9 con un m\u00ednimo del 80% de asistencia durante el curso. En caso de dos ausencias consecutivas, debo considerar tomar clases de repaso con costo adicional.<\/li>\n<li>Procurar\u00e9 un espacio libre de ruidos y distracciones y con buena iluminaci\u00f3n<\/li>\n<li>Me mantendr\u00e9 conectado durante toda la clase y abrir\u00e9 el micr\u00f3fono s\u00f3lo cuando el profesor me lo indique. Durante la clase, mantendr\u00e9 la c\u00e1mara siempre conectada para favorecer la interacci\u00f3n con mi profesor y compa\u00f1eros de grupo. Participar\u00e9 de forma colaborativa en actividades y trabajos de manera sincr\u00f3nica (videoconferencia) y asincr\u00f3nica (env\u00edo de actividades v\u00eda MOODLE).<\/li>\n<li>Cumplir\u00e9 en tiempo y forma con todas las actividades y tareas.<\/li>\n<li><b>Comunicar\u00e9 al profesor(a) las dificultades de contenido que impiden realizar las tareas de aprendizaje.<\/b><\/li>\n<li><b>Mantendr\u00e9 comunicaci\u00f3n estrecha con mi profesor durante la clase o v\u00eda MOODLE y con la Escuela, v\u00eda el Whatsapp: <a href=\"https:\/\/api.whatsapp.com\/send?phone=525585334488&amp;text=\" target=\"_blank\" rel=\"noopener\">5585334488<\/a><\/b><\/li>\n<li>No publicar\u00e9 archivos de tipo denigrante, malicioso, vulgar, obsceno, ni har\u00e9 cualquier otro acto que genere responsabilidad civil o penal, como suplantar la identidad de una persona, cometer fraude o plagio.<\/li>\n<li>Evitar\u00e9 compartir \u201ccorreo basura\u201d, \u201ccadenas,\u201d o cualquier otra forma de petici\u00f3n u ofrecimiento.<\/li>\n<li>En caso de tener alg\u00fan imprevisto o dificultad, me comunicar\u00e9 con Casa do Brasil para informarles y recibir su apoyo en la resoluci\u00f3n del problema. La forma m\u00e1s directa\/inmediata es v\u00eda <b>Whatsapp: <a href=\"https:\/\/api.whatsapp.com\/send?phone=525585334488&amp;text=\" target=\"_blank\" rel=\"noopener\">5585334488<\/a><\/b><\/li>\n<li>Soy consciente del compromiso que implica estudiar de manera remota por videoconferencia en los cursos para lograr el aprendizaje del idioma. Asimismo, manifiesto estar enterado de todos y cada uno de los puntos escritos en este documento.<br><\/li>\n<\/ul>\n<h2 align=\"center\"><b style=\"color: var( --e-global-color-text ); font-family: var( --e-global-typography-text-font-family ), Sans-serif; font-size: 14px;\">Nota:<\/b><\/h2>\n<p align=\"center\"><b>Casa do Brasil se reserva el derecho de actualizar y modificar los puntos aqu\u00ed se\u00f1alados.<\/b><\/p>\n<p><b><\/b><\/p>\n<p><\/p>","protected":false},"excerpt":{"rendered":"<p>Bem-vind@s! Conoce tu Escuela Online 1. Plataforma de Alumnos (Moodle) Aqu\u00ed est\u00e1 todo el contenido de tu curso. Con material y ejercicios multimedia. Aqu\u00ed presentar\u00e1s tus ex\u00e1menes escritos Tendr\u00e1s comunicaci\u00f3n&#8230;<\/p>\n","protected":false},"author":3,"featured_media":0,"parent":0,"menu_order":0,"comment_status":"closed","ping_status":"closed","template":"","meta":{"productId":0,"courseId":0,"_joinchat":[],"footnotes":""},"class_list":["post-18102","page","type-page","status-publish"],"yoast_head":"<!-- This site is optimized with the Yoast SEO plugin v27.5 - https:\/\/yoast.com\/product\/yoast-seo-wordpress\/ -->\n<title>Requisitos Curso Online de Portugu\u00e9s Empresas - Casa do Brasil en M\u00e9xico \u2013 Cursos de Portugu\u00e9s<\/title>\n<meta name=\"robots\" content=\"index, follow, max-snippet:-1, max-image-preview:large, max-video-preview:-1\" \/>\n<link rel=\"canonical\" href=\"https:\/\/casadobrasil.com.mx\/cdb2023\/requisitos-curso-online-de-portugues-empresas\/\" \/>\n<meta property=\"og:locale\" content=\"es_MX\" \/>\n<meta property=\"og:type\" content=\"article\" \/>\n<meta property=\"og:title\" content=\"Requisitos Curso Online de Portugu\u00e9s Empresas - Casa do Brasil en M\u00e9xico \u2013 Cursos de Portugu\u00e9s\" \/>\n<meta property=\"og:description\" content=\"Bem-vind@s! Conoce tu Escuela Online 1. Plataforma de Alumnos (Moodle) Aqu\u00ed est\u00e1 todo el contenido de tu curso. Con material y ejercicios multimedia. Aqu\u00ed presentar\u00e1s tus ex\u00e1menes escritos Tendr\u00e1s comunicaci\u00f3n...\" \/>\n<meta property=\"og:url\" content=\"https:\/\/casadobrasil.com.mx\/cdb2023\/requisitos-curso-online-de-portugues-empresas\/\" \/>\n<meta property=\"og:site_name\" content=\"Casa do Brasil en M\u00e9xico \u2013 Cursos de Portugu\u00e9s\" \/>\n<meta property=\"article:publisher\" content=\"https:\/\/www.facebook.com\/casadobrasilmx\/\" \/>\n<meta name=\"twitter:card\" content=\"summary_large_image\" \/>\n<meta name=\"twitter:site\" content=\"@casadobrasil\" \/>\n<meta name=\"twitter:label1\" content=\"Tiempo de lectura\" \/>\n\t<meta name=\"twitter:data1\" content=\"4 minutos\" \/>\n<script type=\"application\/ld+json\" class=\"yoast-schema-graph\">{\"@context\":\"https:\\\/\\\/schema.org\",\"@graph\":[{\"@type\":\"WebPage\",\"@id\":\"https:\\\/\\\/casadobrasil.com.mx\\\/cdb2023\\\/requisitos-curso-online-de-portugues-empresas\\\/\",\"url\":\"https:\\\/\\\/casadobrasil.com.mx\\\/cdb2023\\\/requisitos-curso-online-de-portugues-empresas\\\/\",\"name\":\"Requisitos Curso Online de Portugu\u00e9s Empresas - Casa do Brasil en M\u00e9xico \u2013 Cursos de Portugu\u00e9s\",\"isPartOf\":{\"@id\":\"https:\\\/\\\/casadobrasil.com.mx\\\/cdb2023\\\/#website\"},\"datePublished\":\"2023-01-24T14:29:58+00:00\",\"breadcrumb\":{\"@id\":\"https:\\\/\\\/casadobrasil.com.mx\\\/cdb2023\\\/requisitos-curso-online-de-portugues-empresas\\\/#breadcrumb\"},\"inLanguage\":\"es\",\"potentialAction\":[{\"@type\":\"ReadAction\",\"target\":[\"https:\\\/\\\/casadobrasil.com.mx\\\/cdb2023\\\/requisitos-curso-online-de-portugues-empresas\\\/\"]}]},{\"@type\":\"BreadcrumbList\",\"@id\":\"https:\\\/\\\/casadobrasil.com.mx\\\/cdb2023\\\/requisitos-curso-online-de-portugues-empresas\\\/#breadcrumb\",\"itemListElement\":[{\"@type\":\"ListItem\",\"position\":1,\"name\":\"Inicio\",\"item\":\"https:\\\/\\\/casadobrasil.com.mx\\\/cdb2023\\\/\"},{\"@type\":\"ListItem\",\"position\":2,\"name\":\"Requisitos Curso Online de Portugu\u00e9s Empresas\"}]},{\"@type\":\"WebSite\",\"@id\":\"https:\\\/\\\/casadobrasil.com.mx\\\/cdb2023\\\/#website\",\"url\":\"https:\\\/\\\/casadobrasil.com.mx\\\/cdb2023\\\/\",\"name\":\"Casa do Brasil en M\u00e9xico \u2013 Cursos de Portugu\u00e9s\",\"description\":\"Cursos de Portugu\u00e9s Online en M\u00e9xico. Profesores nativos Gobierno de Brasil Celpe-bras\",\"publisher\":{\"@id\":\"https:\\\/\\\/casadobrasil.com.mx\\\/cdb2023\\\/#organization\"},\"potentialAction\":[{\"@type\":\"SearchAction\",\"target\":{\"@type\":\"EntryPoint\",\"urlTemplate\":\"https:\\\/\\\/casadobrasil.com.mx\\\/cdb2023\\\/?s={search_term_string}\"},\"query-input\":{\"@type\":\"PropertyValueSpecification\",\"valueRequired\":true,\"valueName\":\"search_term_string\"}}],\"inLanguage\":\"es\"},{\"@type\":\"Organization\",\"@id\":\"https:\\\/\\\/casadobrasil.com.mx\\\/cdb2023\\\/#organization\",\"name\":\"Casa do Brasil en M\u00e9xico \u2013 Cursos de Portugu\u00e9s\",\"url\":\"https:\\\/\\\/casadobrasil.com.mx\\\/cdb2023\\\/\",\"logo\":{\"@type\":\"ImageObject\",\"inLanguage\":\"es\",\"@id\":\"https:\\\/\\\/casadobrasil.com.mx\\\/cdb2023\\\/#\\\/schema\\\/logo\\\/image\\\/\",\"url\":\"https:\\\/\\\/casadobrasil.com.mx\\\/cdb2023\\\/wp-content\\\/uploads\\\/2022\\\/12\\\/logo-casa-do-brasil.png\",\"contentUrl\":\"https:\\\/\\\/casadobrasil.com.mx\\\/cdb2023\\\/wp-content\\\/uploads\\\/2022\\\/12\\\/logo-casa-do-brasil.png\",\"width\":480,\"height\":270,\"caption\":\"Casa do Brasil en M\u00e9xico \u2013 Cursos de Portugu\u00e9s\"},\"image\":{\"@id\":\"https:\\\/\\\/casadobrasil.com.mx\\\/cdb2023\\\/#\\\/schema\\\/logo\\\/image\\\/\"},\"sameAs\":[\"https:\\\/\\\/www.facebook.com\\\/casadobrasilmx\\\/\",\"https:\\\/\\\/x.com\\\/casadobrasil\"]}]}<\/script>\n<!-- \/ Yoast SEO plugin. -->","yoast_head_json":{"title":"Requisitos Curso Online de Portugu\u00e9s Empresas - Casa do Brasil en M\u00e9xico \u2013 Cursos de Portugu\u00e9s","robots":{"index":"index","follow":"follow","max-snippet":"max-snippet:-1","max-image-preview":"max-image-preview:large","max-video-preview":"max-video-preview:-1"},"canonical":"https:\/\/casadobrasil.com.mx\/cdb2023\/requisitos-curso-online-de-portugues-empresas\/","og_locale":"es_MX","og_type":"article","og_title":"Requisitos Curso Online de Portugu\u00e9s Empresas - Casa do Brasil en M\u00e9xico \u2013 Cursos de Portugu\u00e9s","og_description":"Bem-vind@s! Conoce tu Escuela Online 1. Plataforma de Alumnos (Moodle) Aqu\u00ed est\u00e1 todo el contenido de tu curso. Con material y ejercicios multimedia. Aqu\u00ed presentar\u00e1s tus ex\u00e1menes escritos Tendr\u00e1s comunicaci\u00f3n...","og_url":"https:\/\/casadobrasil.com.mx\/cdb2023\/requisitos-curso-online-de-portugues-empresas\/","og_site_name":"Casa do Brasil en M\u00e9xico \u2013 Cursos de Portugu\u00e9s","article_publisher":"https:\/\/www.facebook.com\/casadobrasilmx\/","twitter_card":"summary_large_image","twitter_site":"@casadobrasil","twitter_misc":{"Tiempo de lectura":"4 minutos"},"schema":{"@context":"https:\/\/schema.org","@graph":[{"@type":"WebPage","@id":"https:\/\/casadobrasil.com.mx\/cdb2023\/requisitos-curso-online-de-portugues-empresas\/","url":"https:\/\/casadobrasil.com.mx\/cdb2023\/requisitos-curso-online-de-portugues-empresas\/","name":"Requisitos Curso Online de Portugu\u00e9s Empresas - Casa do Brasil en M\u00e9xico \u2013 Cursos de Portugu\u00e9s","isPartOf":{"@id":"https:\/\/casadobrasil.com.mx\/cdb2023\/#website"},"datePublished":"2023-01-24T14:29:58+00:00","breadcrumb":{"@id":"https:\/\/casadobrasil.com.mx\/cdb2023\/requisitos-curso-online-de-portugues-empresas\/#breadcrumb"},"inLanguage":"es","potentialAction":[{"@type":"ReadAction","target":["https:\/\/casadobrasil.com.mx\/cdb2023\/requisitos-curso-online-de-portugues-empresas\/"]}]},{"@type":"BreadcrumbList","@id":"https:\/\/casadobrasil.com.mx\/cdb2023\/requisitos-curso-online-de-portugues-empresas\/#breadcrumb","itemListElement":[{"@type":"ListItem","position":1,"name":"Inicio","item":"https:\/\/casadobrasil.com.mx\/cdb2023\/"},{"@type":"ListItem","position":2,"name":"Requisitos Curso Online de Portugu\u00e9s Empresas"}]},{"@type":"WebSite","@id":"https:\/\/casadobrasil.com.mx\/cdb2023\/#website","url":"https:\/\/casadobrasil.com.mx\/cdb2023\/","name":"Casa do Brasil en M\u00e9xico \u2013 Cursos de Portugu\u00e9s","description":"Cursos de Portugu\u00e9s Online en M\u00e9xico. Profesores nativos Gobierno de Brasil Celpe-bras","publisher":{"@id":"https:\/\/casadobrasil.com.mx\/cdb2023\/#organization"},"potentialAction":[{"@type":"SearchAction","target":{"@type":"EntryPoint","urlTemplate":"https:\/\/casadobrasil.com.mx\/cdb2023\/?s={search_term_string}"},"query-input":{"@type":"PropertyValueSpecification","valueRequired":true,"valueName":"search_term_string"}}],"inLanguage":"es"},{"@type":"Organization","@id":"https:\/\/casadobrasil.com.mx\/cdb2023\/#organization","name":"Casa do Brasil en M\u00e9xico \u2013 Cursos de Portugu\u00e9s","url":"https:\/\/casadobrasil.com.mx\/cdb2023\/","logo":{"@type":"ImageObject","inLanguage":"es","@id":"https:\/\/casadobrasil.com.mx\/cdb2023\/#\/schema\/logo\/image\/","url":"https:\/\/casadobrasil.com.mx\/cdb2023\/wp-content\/uploads\/2022\/12\/logo-casa-do-brasil.png","contentUrl":"https:\/\/casadobrasil.com.mx\/cdb2023\/wp-content\/uploads\/2022\/12\/logo-casa-do-brasil.png","width":480,"height":270,"caption":"Casa do Brasil en M\u00e9xico \u2013 Cursos de Portugu\u00e9s"},"image":{"@id":"https:\/\/casadobrasil.com.mx\/cdb2023\/#\/schema\/logo\/image\/"},"sameAs":["https:\/\/www.facebook.com\/casadobrasilmx\/","https:\/\/x.com\/casadobrasil"]}]}},"_links":{"self":[{"href":"https:\/\/casadobrasil.com.mx\/cdb2023\/wp-json\/wp\/v2\/pages\/18102","targetHints":{"allow":["GET"]}}],"collection":[{"href":"https:\/\/casadobrasil.com.mx\/cdb2023\/wp-json\/wp\/v2\/pages"}],"about":[{"href":"https:\/\/casadobrasil.com.mx\/cdb2023\/wp-json\/wp\/v2\/types\/page"}],"author":[{"embeddable":true,"href":"https:\/\/casadobrasil.com.mx\/cdb2023\/wp-json\/wp\/v2\/users\/3"}],"replies":[{"embeddable":true,"href":"https:\/\/casadobrasil.com.mx\/cdb2023\/wp-json\/wp\/v2\/comments?post=18102"}],"version-history":[{"count":0,"href":"https:\/\/casadobrasil.com.mx\/cdb2023\/wp-json\/wp\/v2\/pages\/18102\/revisions"}],"wp:attachment":[{"href":"https:\/\/casadobrasil.com.mx\/cdb2023\/wp-json\/wp\/v2\/media?parent=18102"}],"curies":[{"name":"wp","href":"https:\/\/api.w.org\/{rel}","templated":true}]}}