{"id":20256,"date":"2023-07-22T23:43:17","date_gmt":"2023-07-22T23:43:17","guid":{"rendered":"https:\/\/casadobrasil.com.mx\/?post_type=product&#038;p=20256"},"modified":"2026-01-13T09:12:07","modified_gmt":"2026-01-13T15:12:07","slug":"curso-comprension-de-lectura-de-portugues","status":"publish","type":"product","link":"https:\/\/casadobrasil.com.mx\/cdb2023\/producto\/curso-comprension-de-lectura-de-portugues\/","title":{"rendered":"Curso Comprensi\u00f3n de Lectura de Portugu\u00e9s"},"content":{"rendered":"[vc_row type=&#8221;in_container&#8221; full_screen_row_position=&#8221;middle&#8221; column_margin=&#8221;default&#8221; column_direction=&#8221;default&#8221; column_direction_tablet=&#8221;default&#8221; column_direction_phone=&#8221;default&#8221; scene_position=&#8221;center&#8221; text_color=&#8221;dark&#8221; text_align=&#8221;left&#8221; row_border_radius=&#8221;none&#8221; row_border_radius_applies=&#8221;bg&#8221; overflow=&#8221;visible&#8221; overlay_strength=&#8221;0.3&#8243; gradient_direction=&#8221;left_to_right&#8221; shape_divider_position=&#8221;bottom&#8221; bg_image_animation=&#8221;none&#8221;][vc_column column_padding=&#8221;no-extra-padding&#8221; column_padding_tablet=&#8221;inherit&#8221; column_padding_phone=&#8221;inherit&#8221; column_padding_position=&#8221;all&#8221; column_element_direction_desktop=&#8221;default&#8221; column_element_spacing=&#8221;default&#8221; desktop_text_alignment=&#8221;default&#8221; tablet_text_alignment=&#8221;default&#8221; phone_text_alignment=&#8221;default&#8221; background_color_opacity=&#8221;1&#8243; background_hover_color_opacity=&#8221;1&#8243; column_backdrop_filter=&#8221;none&#8221; column_shadow=&#8221;none&#8221; column_border_radius=&#8221;none&#8221; column_link_target=&#8221;_self&#8221; column_position=&#8221;default&#8221; gradient_direction=&#8221;left_to_right&#8221; overlay_strength=&#8221;0.3&#8243; width=&#8221;1\/1&#8243; tablet_width_inherit=&#8221;default&#8221; animation_type=&#8221;default&#8221; bg_image_animation=&#8221;none&#8221; border_type=&#8221;simple&#8221; column_border_width=&#8221;none&#8221; column_border_style=&#8221;solid&#8221;][nectar_highlighted_text text_color=&#8221;#000000&#8243; scribble_color=&#8221;#ffb71b&#8221; style=&#8221;scribble&#8221; scribble_shape=&#8221;basic-underline&#8221; scribble_thickness=&#8221;thick&#8221; scribble_speed=&#8221;1.8s&#8221; scribble_easing=&#8221;ease_in_out&#8221; custom_font_size=&#8221;3vw&#8221; font_line_height=&#8221;1.4&#8243; id=&#8221;circle-highlight2&#8243;]\n<h3>Curso de <em>comprensi\u00f3n de lectura<\/em> en portugu\u00e9s<\/h3>\n[\/nectar_highlighted_text][divider line_type=&#8221;No Line&#8221; custom_height=&#8221;40&#8243;][vc_column_text]\n<div>Pensado para el p\u00fablico universitario que necesita aprobar un examen de Comprensi\u00f3n de Lectura, y a los amantes de la Lengua Portuguesa en general. No se necesitan conocimientos previos.<\/div>\n<div>Si te identificas con alguno de estos puntos, este curso es para ti:<\/div>\n<div><\/div>\n<ul>\n<li>\n<div>Interesado en presentar el examen de comprensi\u00f3n de tu universidad<\/div>\n<\/li>\n<li>\n<div>Estudiantes, investigadores o docentes que desean entender textos en portugu\u00e9s<\/div>\n<\/li>\n<li>\n<div>Te gustan canciones en portugu\u00e9s y deseas tener una comprensi\u00f3n de su significado<\/div>\n<\/li>\n<li>\n<div>Te relacionas en el trabajo con comunicados en portugu\u00e9s y te gustar\u00eda tener entendimiento de estos<\/div>\n<\/li>\n<li>\n<div>Te gustar\u00eda entender revistas \/ blogs, y\/o mensajes de anuncios, redes sociales y emails de trabajo.<\/div>\n<\/li>\n<\/ul>\n<div><\/div>\n<div><strong>Objetivos<\/strong><\/div>\n<ul>\n<li>\n<div>Comprender de manera general el tema de un texto y sus puntos m\u00e1s importantes;<\/div>\n<\/li>\n<li>\n<div>Identificar los elementos ling\u00fc\u00edsticos que dan soporte a la comprensi\u00f3n textual en portugu\u00e9s;<\/div>\n<\/li>\n<li>\n<div>Aprobar un Examen de Comprensi\u00f3n de Lectura aplicado por diferentes universidades; ejemplo UNAM<\/div>\n<\/li>\n<li>\n<div>Aprender a usar t\u00e9cnicas de lectura que facilitar\u00e1n la comprensi\u00f3n de un texto, de manera r\u00e1pida y eficiente.<\/div>\n<\/li>\n<\/ul>\n<div><\/div>\n<div><strong>Material del Curso<\/strong><\/div>\n<ul>\n<li>\n<div>V\u00eddeos explicativos<\/div>\n<\/li>\n<li>\n<div>Archivos descargables<\/div>\n<\/li>\n<li>\n<div>Textos variados, divididos por diferentes temas a cada unidad.<\/div>\n<\/li>\n<li>\n<div>Ejercicios con respuesta de comprensi\u00f3n \/ interpretaci\u00f3n de textos<\/div>\n<\/li>\n<li>\n<div>\n<div>Links de acceso a materiales adicionales y de consulta<\/div>\n<\/div>\n<\/li>\n<\/ul>\n[\/vc_column_text][\/vc_column][\/vc_row]\n","protected":false},"excerpt":{"rendered":"<p><i class=\"fa fa-clock-o fa-2x\" style=\"color: #ffb71b; margin-right: 5px;\" aria-hidden=\"true\"><\/i> <strong> Duraci\u00f3n: <\/strong> Licencia por 6 meses.<\/p>\n<p><i class=\"fa fa-calendar fa-2x\" style=\"color: #ffb71b; margin-right: 5px;\" aria-hidden=\"true\"><\/i><strong> Clases: <\/strong> 10 Unidades tem\u00e1ticas autodid\u00e1cticas<\/p>\n<p><i class=\"fa fa-play fa-2x\" style=\"color: #ffb71b; margin-right: 5px;\" aria-hidden=\"true\"><\/i><strong> V\u00eddeo: <\/strong> V\u00eddeos explicativos en espa\u00f1ol.<\/p>\n<p><i class=\"fa fa-trophy fa-2x\" style=\"color: #ffb71b; margin-right: 5px;\" aria-hidden=\"true\"><\/i><strong> Certificaci\u00f3n: <\/strong> Constancia de valor curricular.<\/p>\n","protected":false},"featured_media":17403,"comment_status":"open","ping_status":"closed","template":"","meta":{"_joinchat":[],"footnotes":""},"product_brand":[],"product_cat":[20],"product_tag":[],"class_list":{"0":"post-20256","1":"product","2":"type-product","3":"status-publish","4":"has-post-thumbnail","6":"product_cat-comprension-de-lectura-online","8":"first","9":"instock","10":"featured","11":"downloadable","12":"virtual","13":"sold-individually","14":"purchasable","15":"product-type-simple"},"yoast_head":"<!-- This site is optimized with the Yoast SEO plugin v27.2 - https:\/\/yoast.com\/product\/yoast-seo-wordpress\/ -->\n<title>Curso Comprensi\u00f3n de Lectura de Portugu\u00e9s - Casa do Brasil en M\u00e9xico \u2013 Cursos de Portugu\u00e9s<\/title>\n<meta name=\"robots\" content=\"index, follow, max-snippet:-1, max-image-preview:large, max-video-preview:-1\" \/>\n<link rel=\"canonical\" href=\"https:\/\/casadobrasil.com.mx\/cdb2023\/producto\/curso-comprension-de-lectura-de-portugues\/\" \/>\n<meta property=\"og:locale\" content=\"es_MX\" \/>\n<meta property=\"og:type\" content=\"article\" \/>\n<meta property=\"og:title\" content=\"Curso Comprensi\u00f3n de Lectura de Portugu\u00e9s - Casa do Brasil en M\u00e9xico \u2013 Cursos de Portugu\u00e9s\" \/>\n<meta property=\"og:description\" content=\"Duraci\u00f3n: Licencia por 6 meses.   Clases: 10 Unidades tem\u00e1ticas autodid\u00e1cticas   V\u00eddeo: V\u00eddeos explicativos en espa\u00f1ol.   Certificaci\u00f3n: Constancia de valor curricular.\" \/>\n<meta property=\"og:url\" content=\"https:\/\/casadobrasil.com.mx\/cdb2023\/producto\/curso-comprension-de-lectura-de-portugues\/\" \/>\n<meta property=\"og:site_name\" content=\"Casa do Brasil en M\u00e9xico \u2013 Cursos de Portugu\u00e9s\" \/>\n<meta property=\"article:publisher\" content=\"https:\/\/www.facebook.com\/casadobrasilmx\/\" \/>\n<meta property=\"article:modified_time\" content=\"2026-01-13T15:12:07+00:00\" \/>\n<meta property=\"og:image\" content=\"https:\/\/casadobrasil.com.mx\/cdb2023\/wp-content\/uploads\/2022\/12\/Comprension-de-lectura-1.jpg\" \/>\n\t<meta property=\"og:image:width\" content=\"801\" \/>\n\t<meta property=\"og:image:height\" content=\"801\" \/>\n\t<meta property=\"og:image:type\" content=\"image\/jpeg\" \/>\n<meta name=\"twitter:card\" content=\"summary_large_image\" \/>\n<meta name=\"twitter:site\" content=\"@casadobrasil\" \/>\n<meta name=\"twitter:label1\" content=\"Tiempo de lectura\" \/>\n\t<meta name=\"twitter:data1\" content=\"2 minutos\" \/>\n<script type=\"application\/ld+json\" class=\"yoast-schema-graph\">{\"@context\":\"https:\/\/schema.org\",\"@graph\":[{\"@type\":\"WebPage\",\"@id\":\"https:\/\/casadobrasil.com.mx\/cdb2023\/producto\/curso-comprension-de-lectura-de-portugues\/\",\"url\":\"https:\/\/casadobrasil.com.mx\/cdb2023\/producto\/curso-comprension-de-lectura-de-portugues\/\",\"name\":\"Curso Comprensi\u00f3n de Lectura de Portugu\u00e9s - Casa do Brasil en M\u00e9xico \u2013 Cursos de Portugu\u00e9s\",\"isPartOf\":{\"@id\":\"https:\/\/casadobrasil.com.mx\/cdb2023\/#website\"},\"primaryImageOfPage\":{\"@id\":\"https:\/\/casadobrasil.com.mx\/cdb2023\/producto\/curso-comprension-de-lectura-de-portugues\/#primaryimage\"},\"image\":{\"@id\":\"https:\/\/casadobrasil.com.mx\/cdb2023\/producto\/curso-comprension-de-lectura-de-portugues\/#primaryimage\"},\"thumbnailUrl\":\"https:\/\/casadobrasil.com.mx\/cdb2023\/wp-content\/uploads\/2022\/12\/Comprension-de-lectura-1.jpg\",\"datePublished\":\"2023-07-22T23:43:17+00:00\",\"dateModified\":\"2026-01-13T15:12:07+00:00\",\"breadcrumb\":{\"@id\":\"https:\/\/casadobrasil.com.mx\/cdb2023\/producto\/curso-comprension-de-lectura-de-portugues\/#breadcrumb\"},\"inLanguage\":\"es\",\"potentialAction\":[{\"@type\":\"ReadAction\",\"target\":[\"https:\/\/casadobrasil.com.mx\/cdb2023\/producto\/curso-comprension-de-lectura-de-portugues\/\"]}]},{\"@type\":\"ImageObject\",\"inLanguage\":\"es\",\"@id\":\"https:\/\/casadobrasil.com.mx\/cdb2023\/producto\/curso-comprension-de-lectura-de-portugues\/#primaryimage\",\"url\":\"https:\/\/casadobrasil.com.mx\/cdb2023\/wp-content\/uploads\/2022\/12\/Comprension-de-lectura-1.jpg\",\"contentUrl\":\"https:\/\/casadobrasil.com.mx\/cdb2023\/wp-content\/uploads\/2022\/12\/Comprension-de-lectura-1.jpg\",\"width\":801,\"height\":801},{\"@type\":\"BreadcrumbList\",\"@id\":\"https:\/\/casadobrasil.com.mx\/cdb2023\/producto\/curso-comprension-de-lectura-de-portugues\/#breadcrumb\",\"itemListElement\":[{\"@type\":\"ListItem\",\"position\":1,\"name\":\"Inicio\",\"item\":\"https:\/\/casadobrasil.com.mx\/cdb2023\/\"},{\"@type\":\"ListItem\",\"position\":2,\"name\":\"Tienda\",\"item\":\"https:\/\/casadobrasil.com.mx\/cdb2023\/tienda\/\"},{\"@type\":\"ListItem\",\"position\":3,\"name\":\"Curso Comprensi\u00f3n de Lectura de Portugu\u00e9s\"}]},{\"@type\":\"WebSite\",\"@id\":\"https:\/\/casadobrasil.com.mx\/cdb2023\/#website\",\"url\":\"https:\/\/casadobrasil.com.mx\/cdb2023\/\",\"name\":\"Casa do Brasil en M\u00e9xico \u2013 Cursos de Portugu\u00e9s\",\"description\":\"Cursos de Portugu\u00e9s Online en M\u00e9xico. Profesores nativos Gobierno de Brasil Celpe-bras\",\"publisher\":{\"@id\":\"https:\/\/casadobrasil.com.mx\/cdb2023\/#organization\"},\"potentialAction\":[{\"@type\":\"SearchAction\",\"target\":{\"@type\":\"EntryPoint\",\"urlTemplate\":\"https:\/\/casadobrasil.com.mx\/cdb2023\/?s={search_term_string}\"},\"query-input\":{\"@type\":\"PropertyValueSpecification\",\"valueRequired\":true,\"valueName\":\"search_term_string\"}}],\"inLanguage\":\"es\"},{\"@type\":\"Organization\",\"@id\":\"https:\/\/casadobrasil.com.mx\/cdb2023\/#organization\",\"name\":\"Casa do Brasil en M\u00e9xico \u2013 Cursos de Portugu\u00e9s\",\"url\":\"https:\/\/casadobrasil.com.mx\/cdb2023\/\",\"logo\":{\"@type\":\"ImageObject\",\"inLanguage\":\"es\",\"@id\":\"https:\/\/casadobrasil.com.mx\/cdb2023\/#\/schema\/logo\/image\/\",\"url\":\"https:\/\/casadobrasil.com.mx\/cdb2023\/wp-content\/uploads\/2022\/12\/logo-casa-do-brasil.png\",\"contentUrl\":\"https:\/\/casadobrasil.com.mx\/cdb2023\/wp-content\/uploads\/2022\/12\/logo-casa-do-brasil.png\",\"width\":480,\"height\":270,\"caption\":\"Casa do Brasil en M\u00e9xico \u2013 Cursos de Portugu\u00e9s\"},\"image\":{\"@id\":\"https:\/\/casadobrasil.com.mx\/cdb2023\/#\/schema\/logo\/image\/\"},\"sameAs\":[\"https:\/\/www.facebook.com\/casadobrasilmx\/\",\"https:\/\/x.com\/casadobrasil\"]}]}<\/script>\n<!-- \/ Yoast SEO plugin. -->","yoast_head_json":{"title":"Curso Comprensi\u00f3n de Lectura de Portugu\u00e9s - Casa do Brasil en M\u00e9xico \u2013 Cursos de Portugu\u00e9s","robots":{"index":"index","follow":"follow","max-snippet":"max-snippet:-1","max-image-preview":"max-image-preview:large","max-video-preview":"max-video-preview:-1"},"canonical":"https:\/\/casadobrasil.com.mx\/cdb2023\/producto\/curso-comprension-de-lectura-de-portugues\/","og_locale":"es_MX","og_type":"article","og_title":"Curso Comprensi\u00f3n de Lectura de Portugu\u00e9s - Casa do Brasil en M\u00e9xico \u2013 Cursos de Portugu\u00e9s","og_description":"Duraci\u00f3n: Licencia por 6 meses.   Clases: 10 Unidades tem\u00e1ticas autodid\u00e1cticas   V\u00eddeo: V\u00eddeos explicativos en espa\u00f1ol.   Certificaci\u00f3n: Constancia de valor curricular.","og_url":"https:\/\/casadobrasil.com.mx\/cdb2023\/producto\/curso-comprension-de-lectura-de-portugues\/","og_site_name":"Casa do Brasil en M\u00e9xico \u2013 Cursos de Portugu\u00e9s","article_publisher":"https:\/\/www.facebook.com\/casadobrasilmx\/","article_modified_time":"2026-01-13T15:12:07+00:00","og_image":[{"width":801,"height":801,"url":"https:\/\/casadobrasil.com.mx\/cdb2023\/wp-content\/uploads\/2022\/12\/Comprension-de-lectura-1.jpg","type":"image\/jpeg"}],"twitter_card":"summary_large_image","twitter_site":"@casadobrasil","twitter_misc":{"Tiempo de lectura":"2 minutos"},"schema":{"@context":"https:\/\/schema.org","@graph":[{"@type":"WebPage","@id":"https:\/\/casadobrasil.com.mx\/cdb2023\/producto\/curso-comprension-de-lectura-de-portugues\/","url":"https:\/\/casadobrasil.com.mx\/cdb2023\/producto\/curso-comprension-de-lectura-de-portugues\/","name":"Curso Comprensi\u00f3n de Lectura de Portugu\u00e9s - Casa do Brasil en M\u00e9xico \u2013 Cursos de Portugu\u00e9s","isPartOf":{"@id":"https:\/\/casadobrasil.com.mx\/cdb2023\/#website"},"primaryImageOfPage":{"@id":"https:\/\/casadobrasil.com.mx\/cdb2023\/producto\/curso-comprension-de-lectura-de-portugues\/#primaryimage"},"image":{"@id":"https:\/\/casadobrasil.com.mx\/cdb2023\/producto\/curso-comprension-de-lectura-de-portugues\/#primaryimage"},"thumbnailUrl":"https:\/\/casadobrasil.com.mx\/cdb2023\/wp-content\/uploads\/2022\/12\/Comprension-de-lectura-1.jpg","datePublished":"2023-07-22T23:43:17+00:00","dateModified":"2026-01-13T15:12:07+00:00","breadcrumb":{"@id":"https:\/\/casadobrasil.com.mx\/cdb2023\/producto\/curso-comprension-de-lectura-de-portugues\/#breadcrumb"},"inLanguage":"es","potentialAction":[{"@type":"ReadAction","target":["https:\/\/casadobrasil.com.mx\/cdb2023\/producto\/curso-comprension-de-lectura-de-portugues\/"]}]},{"@type":"ImageObject","inLanguage":"es","@id":"https:\/\/casadobrasil.com.mx\/cdb2023\/producto\/curso-comprension-de-lectura-de-portugues\/#primaryimage","url":"https:\/\/casadobrasil.com.mx\/cdb2023\/wp-content\/uploads\/2022\/12\/Comprension-de-lectura-1.jpg","contentUrl":"https:\/\/casadobrasil.com.mx\/cdb2023\/wp-content\/uploads\/2022\/12\/Comprension-de-lectura-1.jpg","width":801,"height":801},{"@type":"BreadcrumbList","@id":"https:\/\/casadobrasil.com.mx\/cdb2023\/producto\/curso-comprension-de-lectura-de-portugues\/#breadcrumb","itemListElement":[{"@type":"ListItem","position":1,"name":"Inicio","item":"https:\/\/casadobrasil.com.mx\/cdb2023\/"},{"@type":"ListItem","position":2,"name":"Tienda","item":"https:\/\/casadobrasil.com.mx\/cdb2023\/tienda\/"},{"@type":"ListItem","position":3,"name":"Curso Comprensi\u00f3n de Lectura de Portugu\u00e9s"}]},{"@type":"WebSite","@id":"https:\/\/casadobrasil.com.mx\/cdb2023\/#website","url":"https:\/\/casadobrasil.com.mx\/cdb2023\/","name":"Casa do Brasil en M\u00e9xico \u2013 Cursos de Portugu\u00e9s","description":"Cursos de Portugu\u00e9s Online en M\u00e9xico. Profesores nativos Gobierno de Brasil Celpe-bras","publisher":{"@id":"https:\/\/casadobrasil.com.mx\/cdb2023\/#organization"},"potentialAction":[{"@type":"SearchAction","target":{"@type":"EntryPoint","urlTemplate":"https:\/\/casadobrasil.com.mx\/cdb2023\/?s={search_term_string}"},"query-input":{"@type":"PropertyValueSpecification","valueRequired":true,"valueName":"search_term_string"}}],"inLanguage":"es"},{"@type":"Organization","@id":"https:\/\/casadobrasil.com.mx\/cdb2023\/#organization","name":"Casa do Brasil en M\u00e9xico \u2013 Cursos de Portugu\u00e9s","url":"https:\/\/casadobrasil.com.mx\/cdb2023\/","logo":{"@type":"ImageObject","inLanguage":"es","@id":"https:\/\/casadobrasil.com.mx\/cdb2023\/#\/schema\/logo\/image\/","url":"https:\/\/casadobrasil.com.mx\/cdb2023\/wp-content\/uploads\/2022\/12\/logo-casa-do-brasil.png","contentUrl":"https:\/\/casadobrasil.com.mx\/cdb2023\/wp-content\/uploads\/2022\/12\/logo-casa-do-brasil.png","width":480,"height":270,"caption":"Casa do Brasil en M\u00e9xico \u2013 Cursos de Portugu\u00e9s"},"image":{"@id":"https:\/\/casadobrasil.com.mx\/cdb2023\/#\/schema\/logo\/image\/"},"sameAs":["https:\/\/www.facebook.com\/casadobrasilmx\/","https:\/\/x.com\/casadobrasil"]}]}},"_links":{"self":[{"href":"https:\/\/casadobrasil.com.mx\/cdb2023\/wp-json\/wp\/v2\/product\/20256","targetHints":{"allow":["GET"]}}],"collection":[{"href":"https:\/\/casadobrasil.com.mx\/cdb2023\/wp-json\/wp\/v2\/product"}],"about":[{"href":"https:\/\/casadobrasil.com.mx\/cdb2023\/wp-json\/wp\/v2\/types\/product"}],"replies":[{"embeddable":true,"href":"https:\/\/casadobrasil.com.mx\/cdb2023\/wp-json\/wp\/v2\/comments?post=20256"}],"version-history":[{"count":0,"href":"https:\/\/casadobrasil.com.mx\/cdb2023\/wp-json\/wp\/v2\/product\/20256\/revisions"}],"wp:featuredmedia":[{"embeddable":true,"href":"https:\/\/casadobrasil.com.mx\/cdb2023\/wp-json\/wp\/v2\/media\/17403"}],"wp:attachment":[{"href":"https:\/\/casadobrasil.com.mx\/cdb2023\/wp-json\/wp\/v2\/media?parent=20256"}],"wp:term":[{"taxonomy":"product_brand","embeddable":true,"href":"https:\/\/casadobrasil.com.mx\/cdb2023\/wp-json\/wp\/v2\/product_brand?post=20256"},{"taxonomy":"product_cat","embeddable":true,"href":"https:\/\/casadobrasil.com.mx\/cdb2023\/wp-json\/wp\/v2\/product_cat?post=20256"},{"taxonomy":"product_tag","embeddable":true,"href":"https:\/\/casadobrasil.com.mx\/cdb2023\/wp-json\/wp\/v2\/product_tag?post=20256"}],"curies":[{"name":"wp","href":"https:\/\/api.w.org\/{rel}","templated":true}]}}