{"id":20451,"date":"2023-07-22T23:43:59","date_gmt":"2023-07-22T23:43:59","guid":{"rendered":"https:\/\/casadobrasil.com.mx\/?post_type=product&#038;p=20451"},"modified":"2026-05-03T13:41:02","modified_gmt":"2026-05-03T19:41:02","slug":"examen-colocacion-portugues","status":"publish","type":"product","link":"https:\/\/casadobrasil.com.mx\/cdb2023\/producto\/examen-colocacion-portugues\/","title":{"rendered":"Examen Colocaci\u00f3n Portugu\u00e9s"},"content":{"rendered":"[vc_row type=&#8221;in_container&#8221; full_screen_row_position=&#8221;middle&#8221; column_margin=&#8221;default&#8221; column_direction=&#8221;default&#8221; column_direction_tablet=&#8221;default&#8221; column_direction_phone=&#8221;default&#8221; scene_position=&#8221;center&#8221; text_color=&#8221;dark&#8221; text_align=&#8221;left&#8221; row_border_radius=&#8221;none&#8221; row_border_radius_applies=&#8221;bg&#8221; overflow=&#8221;visible&#8221; overlay_strength=&#8221;0.3&#8243; gradient_direction=&#8221;left_to_right&#8221; shape_divider_position=&#8221;bottom&#8221; bg_image_animation=&#8221;none&#8221; gradient_type=&#8221;default&#8221; shape_type=&#8221;&#8221;][vc_column column_padding=&#8221;no-extra-padding&#8221; column_padding_tablet=&#8221;inherit&#8221; column_padding_phone=&#8221;inherit&#8221; column_padding_position=&#8221;all&#8221; column_element_direction_desktop=&#8221;default&#8221; column_element_spacing=&#8221;default&#8221; desktop_text_alignment=&#8221;default&#8221; tablet_text_alignment=&#8221;default&#8221; phone_text_alignment=&#8221;default&#8221; background_color_opacity=&#8221;1&#8243; background_hover_color_opacity=&#8221;1&#8243; column_backdrop_filter=&#8221;none&#8221; column_shadow=&#8221;none&#8221; column_border_radius=&#8221;none&#8221; column_link_target=&#8221;_self&#8221; column_position=&#8221;default&#8221; gradient_direction=&#8221;left_to_right&#8221; overlay_strength=&#8221;0.3&#8243; width=&#8221;1\/1&#8243; tablet_width_inherit=&#8221;default&#8221; animation_type=&#8221;default&#8221; bg_image_animation=&#8221;none&#8221; border_type=&#8221;simple&#8221; column_border_width=&#8221;none&#8221; column_border_style=&#8221;solid&#8221;][vc_column_text]\n<ul>\n<li><font color=\"#000080\">Clica en <b>A\u00f1adir al carrito<\/b> para proceder a crear tu cuenta.<\/font><\/li>\n<li>Una vez creada en el <b>Men\u00fa &#8211; Mis Cursos<\/b> &#8211; aparecer\u00e1 &#8211; <b>Examen de Colocaci\u00f3n<\/b>.<b>Como obtener tu calificaci\u00f3n oral y escrita.<\/b><\/li>\n<li>Una vez que termines la parte escrita, escr\u00edbenos via WhatsApp 5585334488 <b>para agendar tu entrevista via Zoom<\/b>, y completar as\u00ed tu examen escrito y oral.<\/li>\n<li>El examen escrito <b>no se calificar\u00e1<\/b> a menos que hayas completado tu entrevista.<\/li>\n<\/ul>\n[\/vc_column_text][\/vc_column][\/vc_row][vc_row type=&#8221;in_container&#8221; full_screen_row_position=&#8221;middle&#8221; column_margin=&#8221;default&#8221; column_direction=&#8221;default&#8221; column_direction_tablet=&#8221;default&#8221; column_direction_phone=&#8221;default&#8221; scene_position=&#8221;center&#8221; text_color=&#8221;dark&#8221; text_align=&#8221;left&#8221; row_border_radius=&#8221;none&#8221; row_border_radius_applies=&#8221;bg&#8221; overflow=&#8221;visible&#8221; disable_element=&#8221;yes&#8221; overlay_strength=&#8221;0.3&#8243; gradient_direction=&#8221;left_to_right&#8221; shape_divider_position=&#8221;bottom&#8221; bg_image_animation=&#8221;none&#8221; gradient_type=&#8221;default&#8221; shape_type=&#8221;&#8221;][vc_column column_padding=&#8221;no-extra-padding&#8221; column_padding_tablet=&#8221;inherit&#8221; column_padding_phone=&#8221;inherit&#8221; column_padding_position=&#8221;all&#8221; column_element_direction_desktop=&#8221;default&#8221; column_element_spacing=&#8221;default&#8221; desktop_text_alignment=&#8221;default&#8221; tablet_text_alignment=&#8221;default&#8221; phone_text_alignment=&#8221;default&#8221; background_color_opacity=&#8221;1&#8243; background_hover_color_opacity=&#8221;1&#8243; column_backdrop_filter=&#8221;none&#8221; column_shadow=&#8221;none&#8221; column_border_radius=&#8221;none&#8221; column_link_target=&#8221;_self&#8221; column_position=&#8221;default&#8221; gradient_direction=&#8221;left_to_right&#8221; overlay_strength=&#8221;0.3&#8243; width=&#8221;1\/1&#8243; tablet_width_inherit=&#8221;default&#8221; animation_type=&#8221;default&#8221; bg_image_animation=&#8221;none&#8221; border_type=&#8221;simple&#8221; column_border_width=&#8221;none&#8221; column_border_style=&#8221;solid&#8221;][vc_column_text]<b>Examen de colocaci\u00f3n sin costo:<\/b> \u2705\ud83d\ude00 La parte escrita est\u00e1 abierta 24 horas, puedes realizarlo cuando gustes.[\/vc_column_text][\/vc_column][\/vc_row][vc_row type=&#8221;in_container&#8221; full_screen_row_position=&#8221;middle&#8221; column_margin=&#8221;default&#8221; column_direction=&#8221;default&#8221; column_direction_tablet=&#8221;default&#8221; column_direction_phone=&#8221;default&#8221; scene_position=&#8221;center&#8221; text_color=&#8221;dark&#8221; text_align=&#8221;left&#8221; row_border_radius=&#8221;none&#8221; row_border_radius_applies=&#8221;bg&#8221; overflow=&#8221;visible&#8221; disable_element=&#8221;yes&#8221; overlay_strength=&#8221;0.3&#8243; gradient_direction=&#8221;left_to_right&#8221; shape_divider_position=&#8221;bottom&#8221; bg_image_animation=&#8221;none&#8221; gradient_type=&#8221;default&#8221; shape_type=&#8221;&#8221;][vc_column column_padding=&#8221;no-extra-padding&#8221; column_padding_tablet=&#8221;inherit&#8221; column_padding_phone=&#8221;inherit&#8221; column_padding_position=&#8221;all&#8221; column_element_direction_desktop=&#8221;default&#8221; column_element_spacing=&#8221;default&#8221; desktop_text_alignment=&#8221;default&#8221; tablet_text_alignment=&#8221;default&#8221; phone_text_alignment=&#8221;default&#8221; background_color_opacity=&#8221;1&#8243; background_hover_color_opacity=&#8221;1&#8243; column_backdrop_filter=&#8221;none&#8221; column_shadow=&#8221;none&#8221; column_border_radius=&#8221;none&#8221; column_link_target=&#8221;_self&#8221; column_position=&#8221;default&#8221; gradient_direction=&#8221;left_to_right&#8221; overlay_strength=&#8221;0.3&#8243; width=&#8221;1\/1&#8243; tablet_width_inherit=&#8221;default&#8221; animation_type=&#8221;default&#8221; bg_image_animation=&#8221;none&#8221; border_type=&#8221;simple&#8221; column_border_width=&#8221;none&#8221; column_border_style=&#8221;solid&#8221;][vc_video link=&#8221;https:\/\/youtu.be\/Jo-iTr_ECEg&#8221;][vc_column_text]Una vez que termines el examen, com\u00e9ntanos para agendar la entrevista via Zoom.<\/p>\n<p><b>Paso 1<\/b> \ud83d\ude03\ud83c\udde7\ud83c\uddf7\u270f Si ya escribes y hablas al menos lo b\u00e1sico.<\/p>\n<p>Reg\u00edstrate aqu\u00ed a tu examen escrito :<\/p>\n<p><a href=\"https:\/\/casadobrasil.com.mx\/producto\/examen-colocacion-portugues\/\">https:\/\/casadobrasil.com.mx\/producto\/examen-colocacion-portugues\/<\/a><\/p>\n<p>Te pedir\u00e1n un password<\/p>\n<p><b>euseiportugues21<\/b><\/p>\n<p><b>Paso 2<\/b> Solo cuando FINALICES tu examen escrito se agendar\u00e1 y confirmar\u00e1 la entrevista.<\/p>\n<p>Entrevista via Zoom de 5 a 10 minutos.<\/p>\n<p>Esperamos\u00a0voc\u00ea\u00a0\ud83e\udef6\ud83c\udde7\ud83c\uddf7[\/vc_column_text][\/vc_column][\/vc_row][vc_row type=&#8221;in_container&#8221; full_screen_row_position=&#8221;middle&#8221; column_margin=&#8221;default&#8221; column_direction=&#8221;default&#8221; column_direction_tablet=&#8221;default&#8221; column_direction_phone=&#8221;default&#8221; scene_position=&#8221;center&#8221; text_color=&#8221;dark&#8221; text_align=&#8221;left&#8221; row_border_radius=&#8221;none&#8221; row_border_radius_applies=&#8221;bg&#8221; overflow=&#8221;visible&#8221; disable_element=&#8221;yes&#8221; overlay_strength=&#8221;0.3&#8243; gradient_direction=&#8221;left_to_right&#8221; shape_divider_position=&#8221;bottom&#8221; bg_image_animation=&#8221;none&#8221; gradient_type=&#8221;default&#8221; shape_type=&#8221;&#8221;][vc_column column_padding=&#8221;no-extra-padding&#8221; column_padding_tablet=&#8221;inherit&#8221; column_padding_phone=&#8221;inherit&#8221; column_padding_position=&#8221;all&#8221; column_element_direction_desktop=&#8221;default&#8221; column_element_spacing=&#8221;default&#8221; desktop_text_alignment=&#8221;default&#8221; tablet_text_alignment=&#8221;default&#8221; phone_text_alignment=&#8221;default&#8221; background_color_opacity=&#8221;1&#8243; background_hover_color_opacity=&#8221;1&#8243; column_backdrop_filter=&#8221;none&#8221; column_shadow=&#8221;none&#8221; column_border_radius=&#8221;none&#8221; column_link_target=&#8221;_self&#8221; column_position=&#8221;default&#8221; gradient_direction=&#8221;left_to_right&#8221; overlay_strength=&#8221;0.3&#8243; width=&#8221;1\/1&#8243; tablet_width_inherit=&#8221;default&#8221; animation_type=&#8221;default&#8221; bg_image_animation=&#8221;none&#8221; border_type=&#8221;simple&#8221; column_border_width=&#8221;none&#8221; column_border_style=&#8221;solid&#8221;][\/vc_column][\/vc_row]\n","protected":false},"excerpt":{"rendered":"<p>[vc_row type=&#8221;in_container&#8221; full_screen_row_position=&#8221;middle&#8221; column_margin=&#8221;default&#8221; column_direction=&#8221;default&#8221; column_direction_tablet=&#8221;default&#8221; column_direction_phone=&#8221;default&#8221; scene_position=&#8221;center&#8221; text_color=&#8221;dark&#8221; text_align=&#8221;left&#8221; row_border_radius=&#8221;none&#8221; row_border_radius_applies=&#8221;bg&#8221; overflow=&#8221;visible&#8221; overlay_strength=&#8221;0.3&#8243; gradient_direction=&#8221;left_to_right&#8221; shape_divider_position=&#8221;bottom&#8221; bg_image_animation=&#8221;none&#8221; gradient_type=&#8221;default&#8221; shape_type=&#8221;&#8221;][vc_column column_padding=&#8221;no-extra-padding&#8221; column_padding_tablet=&#8221;inherit&#8221; column_padding_phone=&#8221;inherit&#8221; column_padding_position=&#8221;all&#8221; column_element_direction_desktop=&#8221;default&#8221; column_element_spacing=&#8221;default&#8221; desktop_text_alignment=&#8221;default&#8221; tablet_text_alignment=&#8221;default&#8221; phone_text_alignment=&#8221;default&#8221; background_color_opacity=&#8221;1&#8243; background_hover_color_opacity=&#8221;1&#8243;&#8230;<\/p>\n","protected":false},"featured_media":17400,"comment_status":"closed","ping_status":"closed","template":"","meta":{"_joinchat":[]},"product_brand":[],"product_cat":[45],"product_tag":[],"class_list":{"0":"post-20451","1":"product","2":"type-product","3":"status-publish","4":"has-post-thumbnail","6":"product_cat-examen-de-colocacion-de-portugues","8":"first","9":"instock","10":"sale","11":"downloadable","12":"virtual","13":"sold-individually","14":"purchasable","15":"product-type-simple"},"yoast_head":"<!-- This site is optimized with the Yoast SEO plugin v27.4 - https:\/\/yoast.com\/product\/yoast-seo-wordpress\/ -->\n<title>Examen Colocaci\u00f3n Portugu\u00e9s - Casa do Brasil en M\u00e9xico \u2013 Cursos de Portugu\u00e9s<\/title>\n<meta name=\"robots\" content=\"index, follow, max-snippet:-1, max-image-preview:large, max-video-preview:-1\" \/>\n<link rel=\"canonical\" href=\"https:\/\/casadobrasil.com.mx\/cdb2023\/producto\/examen-colocacion-portugues\/\" \/>\n<meta property=\"og:locale\" content=\"es_MX\" \/>\n<meta property=\"og:type\" content=\"article\" \/>\n<meta property=\"og:title\" content=\"Examen Colocaci\u00f3n Portugu\u00e9s - Casa do Brasil en M\u00e9xico \u2013 Cursos de Portugu\u00e9s\" \/>\n<meta property=\"og:description\" content=\"[vc_row type=&#8221;in_container&#8221; full_screen_row_position=&#8221;middle&#8221; column_margin=&#8221;default&#8221; column_direction=&#8221;default&#8221; column_direction_tablet=&#8221;default&#8221; column_direction_phone=&#8221;default&#8221; scene_position=&#8221;center&#8221; text_color=&#8221;dark&#8221; text_align=&#8221;left&#8221; row_border_radius=&#8221;none&#8221; row_border_radius_applies=&#8221;bg&#8221; overflow=&#8221;visible&#8221; overlay_strength=&#8221;0.3&#8243; gradient_direction=&#8221;left_to_right&#8221; shape_divider_position=&#8221;bottom&#8221; bg_image_animation=&#8221;none&#8221; gradient_type=&#8221;default&#8221; shape_type=&#8221;&#8221;][vc_column column_padding=&#8221;no-extra-padding&#8221; column_padding_tablet=&#8221;inherit&#8221; column_padding_phone=&#8221;inherit&#8221; column_padding_position=&#8221;all&#8221; column_element_direction_desktop=&#8221;default&#8221; column_element_spacing=&#8221;default&#8221; desktop_text_alignment=&#8221;default&#8221; tablet_text_alignment=&#8221;default&#8221; phone_text_alignment=&#8221;default&#8221; background_color_opacity=&#8221;1&#8243; background_hover_color_opacity=&#8221;1&#8243;...\" \/>\n<meta property=\"og:url\" content=\"https:\/\/casadobrasil.com.mx\/cdb2023\/producto\/examen-colocacion-portugues\/\" \/>\n<meta property=\"og:site_name\" content=\"Casa do Brasil en M\u00e9xico \u2013 Cursos de Portugu\u00e9s\" \/>\n<meta property=\"article:publisher\" content=\"https:\/\/www.facebook.com\/casadobrasilmx\/\" \/>\n<meta property=\"article:modified_time\" content=\"2026-05-03T19:41:02+00:00\" \/>\n<meta property=\"og:image\" content=\"https:\/\/casadobrasil.com.mx\/cdb2023\/wp-content\/uploads\/2022\/12\/Examen-de-Colocacion.jpg\" \/>\n\t<meta property=\"og:image:width\" content=\"801\" \/>\n\t<meta property=\"og:image:height\" content=\"801\" \/>\n\t<meta property=\"og:image:type\" content=\"image\/jpeg\" \/>\n<meta name=\"twitter:card\" content=\"summary_large_image\" \/>\n<meta name=\"twitter:site\" content=\"@casadobrasil\" \/>\n<meta name=\"twitter:label1\" content=\"Tiempo de lectura\" \/>\n\t<meta name=\"twitter:data1\" content=\"1 minuto\" \/>\n<script type=\"application\/ld+json\" class=\"yoast-schema-graph\">{\"@context\":\"https:\\\/\\\/schema.org\",\"@graph\":[{\"@type\":\"WebPage\",\"@id\":\"https:\\\/\\\/casadobrasil.com.mx\\\/cdb2023\\\/producto\\\/examen-colocacion-portugues\\\/\",\"url\":\"https:\\\/\\\/casadobrasil.com.mx\\\/cdb2023\\\/producto\\\/examen-colocacion-portugues\\\/\",\"name\":\"Examen Colocaci\u00f3n Portugu\u00e9s - Casa do Brasil en M\u00e9xico \u2013 Cursos de Portugu\u00e9s\",\"isPartOf\":{\"@id\":\"https:\\\/\\\/casadobrasil.com.mx\\\/cdb2023\\\/#website\"},\"primaryImageOfPage\":{\"@id\":\"https:\\\/\\\/casadobrasil.com.mx\\\/cdb2023\\\/producto\\\/examen-colocacion-portugues\\\/#primaryimage\"},\"image\":{\"@id\":\"https:\\\/\\\/casadobrasil.com.mx\\\/cdb2023\\\/producto\\\/examen-colocacion-portugues\\\/#primaryimage\"},\"thumbnailUrl\":\"https:\\\/\\\/casadobrasil.com.mx\\\/cdb2023\\\/wp-content\\\/uploads\\\/2022\\\/12\\\/Examen-de-Colocacion.jpg\",\"datePublished\":\"2023-07-22T23:43:59+00:00\",\"dateModified\":\"2026-05-03T19:41:02+00:00\",\"breadcrumb\":{\"@id\":\"https:\\\/\\\/casadobrasil.com.mx\\\/cdb2023\\\/producto\\\/examen-colocacion-portugues\\\/#breadcrumb\"},\"inLanguage\":\"es\",\"potentialAction\":[{\"@type\":\"ReadAction\",\"target\":[\"https:\\\/\\\/casadobrasil.com.mx\\\/cdb2023\\\/producto\\\/examen-colocacion-portugues\\\/\"]}]},{\"@type\":\"ImageObject\",\"inLanguage\":\"es\",\"@id\":\"https:\\\/\\\/casadobrasil.com.mx\\\/cdb2023\\\/producto\\\/examen-colocacion-portugues\\\/#primaryimage\",\"url\":\"https:\\\/\\\/casadobrasil.com.mx\\\/cdb2023\\\/wp-content\\\/uploads\\\/2022\\\/12\\\/Examen-de-Colocacion.jpg\",\"contentUrl\":\"https:\\\/\\\/casadobrasil.com.mx\\\/cdb2023\\\/wp-content\\\/uploads\\\/2022\\\/12\\\/Examen-de-Colocacion.jpg\",\"width\":801,\"height\":801},{\"@type\":\"BreadcrumbList\",\"@id\":\"https:\\\/\\\/casadobrasil.com.mx\\\/cdb2023\\\/producto\\\/examen-colocacion-portugues\\\/#breadcrumb\",\"itemListElement\":[{\"@type\":\"ListItem\",\"position\":1,\"name\":\"Inicio\",\"item\":\"https:\\\/\\\/casadobrasil.com.mx\\\/cdb2023\\\/\"},{\"@type\":\"ListItem\",\"position\":2,\"name\":\"Tienda\",\"item\":\"https:\\\/\\\/casadobrasil.com.mx\\\/cdb2023\\\/tienda\\\/\"},{\"@type\":\"ListItem\",\"position\":3,\"name\":\"Examen Colocaci\u00f3n Portugu\u00e9s\"}]},{\"@type\":\"WebSite\",\"@id\":\"https:\\\/\\\/casadobrasil.com.mx\\\/cdb2023\\\/#website\",\"url\":\"https:\\\/\\\/casadobrasil.com.mx\\\/cdb2023\\\/\",\"name\":\"Casa do Brasil en M\u00e9xico \u2013 Cursos de Portugu\u00e9s\",\"description\":\"Cursos de Portugu\u00e9s Online en M\u00e9xico. Profesores nativos Gobierno de Brasil Celpe-bras\",\"publisher\":{\"@id\":\"https:\\\/\\\/casadobrasil.com.mx\\\/cdb2023\\\/#organization\"},\"potentialAction\":[{\"@type\":\"SearchAction\",\"target\":{\"@type\":\"EntryPoint\",\"urlTemplate\":\"https:\\\/\\\/casadobrasil.com.mx\\\/cdb2023\\\/?s={search_term_string}\"},\"query-input\":{\"@type\":\"PropertyValueSpecification\",\"valueRequired\":true,\"valueName\":\"search_term_string\"}}],\"inLanguage\":\"es\"},{\"@type\":\"Organization\",\"@id\":\"https:\\\/\\\/casadobrasil.com.mx\\\/cdb2023\\\/#organization\",\"name\":\"Casa do Brasil en M\u00e9xico \u2013 Cursos de Portugu\u00e9s\",\"url\":\"https:\\\/\\\/casadobrasil.com.mx\\\/cdb2023\\\/\",\"logo\":{\"@type\":\"ImageObject\",\"inLanguage\":\"es\",\"@id\":\"https:\\\/\\\/casadobrasil.com.mx\\\/cdb2023\\\/#\\\/schema\\\/logo\\\/image\\\/\",\"url\":\"https:\\\/\\\/casadobrasil.com.mx\\\/cdb2023\\\/wp-content\\\/uploads\\\/2022\\\/12\\\/logo-casa-do-brasil.png\",\"contentUrl\":\"https:\\\/\\\/casadobrasil.com.mx\\\/cdb2023\\\/wp-content\\\/uploads\\\/2022\\\/12\\\/logo-casa-do-brasil.png\",\"width\":480,\"height\":270,\"caption\":\"Casa do Brasil en M\u00e9xico \u2013 Cursos de Portugu\u00e9s\"},\"image\":{\"@id\":\"https:\\\/\\\/casadobrasil.com.mx\\\/cdb2023\\\/#\\\/schema\\\/logo\\\/image\\\/\"},\"sameAs\":[\"https:\\\/\\\/www.facebook.com\\\/casadobrasilmx\\\/\",\"https:\\\/\\\/x.com\\\/casadobrasil\"]}]}<\/script>\n<!-- \/ Yoast SEO plugin. -->","yoast_head_json":{"title":"Examen Colocaci\u00f3n Portugu\u00e9s - Casa do Brasil en M\u00e9xico \u2013 Cursos de Portugu\u00e9s","robots":{"index":"index","follow":"follow","max-snippet":"max-snippet:-1","max-image-preview":"max-image-preview:large","max-video-preview":"max-video-preview:-1"},"canonical":"https:\/\/casadobrasil.com.mx\/cdb2023\/producto\/examen-colocacion-portugues\/","og_locale":"es_MX","og_type":"article","og_title":"Examen Colocaci\u00f3n Portugu\u00e9s - Casa do Brasil en M\u00e9xico \u2013 Cursos de Portugu\u00e9s","og_description":"[vc_row type=&#8221;in_container&#8221; full_screen_row_position=&#8221;middle&#8221; column_margin=&#8221;default&#8221; column_direction=&#8221;default&#8221; column_direction_tablet=&#8221;default&#8221; column_direction_phone=&#8221;default&#8221; scene_position=&#8221;center&#8221; text_color=&#8221;dark&#8221; text_align=&#8221;left&#8221; row_border_radius=&#8221;none&#8221; row_border_radius_applies=&#8221;bg&#8221; overflow=&#8221;visible&#8221; overlay_strength=&#8221;0.3&#8243; gradient_direction=&#8221;left_to_right&#8221; shape_divider_position=&#8221;bottom&#8221; bg_image_animation=&#8221;none&#8221; gradient_type=&#8221;default&#8221; shape_type=&#8221;&#8221;][vc_column column_padding=&#8221;no-extra-padding&#8221; column_padding_tablet=&#8221;inherit&#8221; column_padding_phone=&#8221;inherit&#8221; column_padding_position=&#8221;all&#8221; column_element_direction_desktop=&#8221;default&#8221; column_element_spacing=&#8221;default&#8221; desktop_text_alignment=&#8221;default&#8221; tablet_text_alignment=&#8221;default&#8221; phone_text_alignment=&#8221;default&#8221; background_color_opacity=&#8221;1&#8243; background_hover_color_opacity=&#8221;1&#8243;...","og_url":"https:\/\/casadobrasil.com.mx\/cdb2023\/producto\/examen-colocacion-portugues\/","og_site_name":"Casa do Brasil en M\u00e9xico \u2013 Cursos de Portugu\u00e9s","article_publisher":"https:\/\/www.facebook.com\/casadobrasilmx\/","article_modified_time":"2026-05-03T19:41:02+00:00","og_image":[{"width":801,"height":801,"url":"https:\/\/casadobrasil.com.mx\/cdb2023\/wp-content\/uploads\/2022\/12\/Examen-de-Colocacion.jpg","type":"image\/jpeg"}],"twitter_card":"summary_large_image","twitter_site":"@casadobrasil","twitter_misc":{"Tiempo de lectura":"1 minuto"},"schema":{"@context":"https:\/\/schema.org","@graph":[{"@type":"WebPage","@id":"https:\/\/casadobrasil.com.mx\/cdb2023\/producto\/examen-colocacion-portugues\/","url":"https:\/\/casadobrasil.com.mx\/cdb2023\/producto\/examen-colocacion-portugues\/","name":"Examen Colocaci\u00f3n Portugu\u00e9s - Casa do Brasil en M\u00e9xico \u2013 Cursos de Portugu\u00e9s","isPartOf":{"@id":"https:\/\/casadobrasil.com.mx\/cdb2023\/#website"},"primaryImageOfPage":{"@id":"https:\/\/casadobrasil.com.mx\/cdb2023\/producto\/examen-colocacion-portugues\/#primaryimage"},"image":{"@id":"https:\/\/casadobrasil.com.mx\/cdb2023\/producto\/examen-colocacion-portugues\/#primaryimage"},"thumbnailUrl":"https:\/\/casadobrasil.com.mx\/cdb2023\/wp-content\/uploads\/2022\/12\/Examen-de-Colocacion.jpg","datePublished":"2023-07-22T23:43:59+00:00","dateModified":"2026-05-03T19:41:02+00:00","breadcrumb":{"@id":"https:\/\/casadobrasil.com.mx\/cdb2023\/producto\/examen-colocacion-portugues\/#breadcrumb"},"inLanguage":"es","potentialAction":[{"@type":"ReadAction","target":["https:\/\/casadobrasil.com.mx\/cdb2023\/producto\/examen-colocacion-portugues\/"]}]},{"@type":"ImageObject","inLanguage":"es","@id":"https:\/\/casadobrasil.com.mx\/cdb2023\/producto\/examen-colocacion-portugues\/#primaryimage","url":"https:\/\/casadobrasil.com.mx\/cdb2023\/wp-content\/uploads\/2022\/12\/Examen-de-Colocacion.jpg","contentUrl":"https:\/\/casadobrasil.com.mx\/cdb2023\/wp-content\/uploads\/2022\/12\/Examen-de-Colocacion.jpg","width":801,"height":801},{"@type":"BreadcrumbList","@id":"https:\/\/casadobrasil.com.mx\/cdb2023\/producto\/examen-colocacion-portugues\/#breadcrumb","itemListElement":[{"@type":"ListItem","position":1,"name":"Inicio","item":"https:\/\/casadobrasil.com.mx\/cdb2023\/"},{"@type":"ListItem","position":2,"name":"Tienda","item":"https:\/\/casadobrasil.com.mx\/cdb2023\/tienda\/"},{"@type":"ListItem","position":3,"name":"Examen Colocaci\u00f3n Portugu\u00e9s"}]},{"@type":"WebSite","@id":"https:\/\/casadobrasil.com.mx\/cdb2023\/#website","url":"https:\/\/casadobrasil.com.mx\/cdb2023\/","name":"Casa do Brasil en M\u00e9xico \u2013 Cursos de Portugu\u00e9s","description":"Cursos de Portugu\u00e9s Online en M\u00e9xico. Profesores nativos Gobierno de Brasil Celpe-bras","publisher":{"@id":"https:\/\/casadobrasil.com.mx\/cdb2023\/#organization"},"potentialAction":[{"@type":"SearchAction","target":{"@type":"EntryPoint","urlTemplate":"https:\/\/casadobrasil.com.mx\/cdb2023\/?s={search_term_string}"},"query-input":{"@type":"PropertyValueSpecification","valueRequired":true,"valueName":"search_term_string"}}],"inLanguage":"es"},{"@type":"Organization","@id":"https:\/\/casadobrasil.com.mx\/cdb2023\/#organization","name":"Casa do Brasil en M\u00e9xico \u2013 Cursos de Portugu\u00e9s","url":"https:\/\/casadobrasil.com.mx\/cdb2023\/","logo":{"@type":"ImageObject","inLanguage":"es","@id":"https:\/\/casadobrasil.com.mx\/cdb2023\/#\/schema\/logo\/image\/","url":"https:\/\/casadobrasil.com.mx\/cdb2023\/wp-content\/uploads\/2022\/12\/logo-casa-do-brasil.png","contentUrl":"https:\/\/casadobrasil.com.mx\/cdb2023\/wp-content\/uploads\/2022\/12\/logo-casa-do-brasil.png","width":480,"height":270,"caption":"Casa do Brasil en M\u00e9xico \u2013 Cursos de Portugu\u00e9s"},"image":{"@id":"https:\/\/casadobrasil.com.mx\/cdb2023\/#\/schema\/logo\/image\/"},"sameAs":["https:\/\/www.facebook.com\/casadobrasilmx\/","https:\/\/x.com\/casadobrasil"]}]}},"_links":{"self":[{"href":"https:\/\/casadobrasil.com.mx\/cdb2023\/wp-json\/wp\/v2\/product\/20451","targetHints":{"allow":["GET"]}}],"collection":[{"href":"https:\/\/casadobrasil.com.mx\/cdb2023\/wp-json\/wp\/v2\/product"}],"about":[{"href":"https:\/\/casadobrasil.com.mx\/cdb2023\/wp-json\/wp\/v2\/types\/product"}],"replies":[{"embeddable":true,"href":"https:\/\/casadobrasil.com.mx\/cdb2023\/wp-json\/wp\/v2\/comments?post=20451"}],"wp:featuredmedia":[{"embeddable":true,"href":"https:\/\/casadobrasil.com.mx\/cdb2023\/wp-json\/wp\/v2\/media\/17400"}],"wp:attachment":[{"href":"https:\/\/casadobrasil.com.mx\/cdb2023\/wp-json\/wp\/v2\/media?parent=20451"}],"wp:term":[{"taxonomy":"product_brand","embeddable":true,"href":"https:\/\/casadobrasil.com.mx\/cdb2023\/wp-json\/wp\/v2\/product_brand?post=20451"},{"taxonomy":"product_cat","embeddable":true,"href":"https:\/\/casadobrasil.com.mx\/cdb2023\/wp-json\/wp\/v2\/product_cat?post=20451"},{"taxonomy":"product_tag","embeddable":true,"href":"https:\/\/casadobrasil.com.mx\/cdb2023\/wp-json\/wp\/v2\/product_tag?post=20451"}],"curies":[{"name":"wp","href":"https:\/\/api.w.org\/{rel}","templated":true}]}}