{"id":20464,"date":"2023-07-22T23:44:00","date_gmt":"2023-07-22T23:44:00","guid":{"rendered":"https:\/\/casadobrasil.com.mx\/?post_type=product&#038;p=20464"},"modified":"2026-04-23T12:29:12","modified_gmt":"2026-04-23T18:29:12","slug":"clase-demo-de-portugues","status":"publish","type":"product","link":"https:\/\/casadobrasil.com.mx\/cdb2023\/producto\/clase-demo-de-portugues\/","title":{"rendered":"Clase demo de Portugu\u00e9s"},"content":{"rendered":"<p><b>\u00a1Bienvenidos a nuestra Clase de Demostraci\u00f3n de Portugu\u00e9s, donde el aprendizaje es divertido y efectivo!<\/b><\/p>\n<p><b>Objetivos:\u00a0<\/b><\/p>\n<p><span class=\"x19la9d6 x1fc57z9 x6ikm8r x10wlt62 x19co3pv x1g5zs5t xfibh0p xiy17q3 x1xsqp64 x1lkfr7t xexx8yu x4uap5 x18d9i69 xkhd6sd\"><span class=\"xrtxmta x1bhl96m\">\u2705 <\/span><\/span>En esta clase, nuestro objetivo es brindarte una probadita del emocionante mundo del portugu\u00e9s. Queremos que te sumerjas en el idioma y descubras lo fascinante que puede ser aprenderlo.<\/p>\n<p><span class=\"x19la9d6 x1fc57z9 x6ikm8r x10wlt62 x19co3pv x1g5zs5t xfibh0p xiy17q3 x1xsqp64 x1lkfr7t xexx8yu x4uap5 x18d9i69 xkhd6sd\"><span class=\"xrtxmta x1bhl96m\">\u2705 <\/span><\/span>Durante la demostraci\u00f3n, nos enfocaremos en varios aspectos clave del idioma, desde la<b> pronunciaci\u00f3n<\/b> hasta las <b>expresiones cotidianas<\/b>. Queremos que te sientas c\u00f3modo y seguro mientras exploras el portugu\u00e9s, sin importar tu nivel de experiencia.<\/p>\n<p><span class=\"x19la9d6 x1fc57z9 x6ikm8r x10wlt62 x19co3pv x1g5zs5t xfibh0p xiy17q3 x1xsqp64 x1lkfr7t xexx8yu x4uap5 x18d9i69 xkhd6sd\"><span class=\"xrtxmta x1bhl96m\">\u2705<\/span><\/span> Nuestra meta es mantenerte comprometido e interesado durante toda la clase. Por eso, utilizaremos <b>una variedad de actividades interactivas y din\u00e1micas<\/b> para mantener tu atenci\u00f3n y <b>hacerte participar activamente<\/b>.<\/p>\n<p><span class=\"x19la9d6 x1fc57z9 x6ikm8r x10wlt62 x19co3pv x1g5zs5t xfibh0p xiy17q3 x1xsqp64 x1lkfr7t xexx8yu x4uap5 x18d9i69 xkhd6sd\"><span class=\"xrtxmta x1bhl96m\">\u2705 <\/span><\/span>Al final de la clase, esperamos que te sientas inspirado y motivado para continuar aprendiendo Portugu\u00e9s. Queremos que veas que <b>dominar este idioma es alcanzable y que estamos aqu\u00ed para ayudarte en cada paso del camino<\/b>.<\/p>\n<p><b>\u00a1Prep\u00e1rate para sumergirte en la diversi\u00f3n y el aprendizaje en nuestra Clase de Demostraci\u00f3n de Portugu\u00e9s!<\/b><\/p>\n<p><span class=\"x19la9d6 x1fc57z9 x6ikm8r x10wlt62 x19co3pv x1g5zs5t xfibh0p xiy17q3 x1xsqp64 x1lkfr7t xexx8yu x4uap5 x18d9i69 xkhd6sd\"><span class=\"xrtxmta x1bhl96m\">\ud83d\udccc <\/span><\/span><b>Selecciona LA FECHA<\/b> que m\u00e1s te convenga para tu Clase Demo.<\/p>\n<p><span class=\"x19la9d6 x1fc57z9 x6ikm8r x10wlt62 x19co3pv x1g5zs5t xfibh0p xiy17q3 x1xsqp64 x1lkfr7t xexx8yu x4uap5 x18d9i69 xkhd6sd\"><span class=\"xrtxmta x1bhl96m\">\ud83d\udccc <\/span><\/span><b>La c\u00e1mara web es opcional<\/b>, sin embargo es recomendable para una mejor experiencia.<\/p>\n<p><span class=\"x19la9d6 x1fc57z9 x6ikm8r x10wlt62 x19co3pv x1g5zs5t xfibh0p xiy17q3 x1xsqp64 x1lkfr7t xexx8yu x4uap5 x18d9i69 xkhd6sd\"><span class=\"xrtxmta x1bhl96m\">\ud83d\udccc <\/span><\/span><b>Diadema o auriculares<\/b> tambi\u00e9n son bienvenidos.<\/p>\n<p><b>Cualquier duda, cont\u00e1ctanos via WhatsApp: 5585334488<br \/>\n<\/b><br \/>\n<img loading=\"lazy\" decoding=\"async\" class=\"alignnone size-full wp-image-11459\" src=\"https:\/\/casadobrasil.com.mx\/novosite\/wp-content\/uploads\/2021\/05\/portugues-online-casa-do-brasil.gif\" alt=\"\" width=\"800\" height=\"533\" \/><\/p>\n","protected":false},"excerpt":{"rendered":"<p><i class=\"fa fa-clock-o fa-2x\" style=\"color: #ffb71b; margin-right: 5px;\" aria-hidden=\"true\"><\/i> <strong> Duraci\u00f3n: <\/strong> Hora y media.<\/p>\n<p><i class=\"fa fa-calendar fa-2x\" style=\"color: #ffb71b; margin-right: 5px;\" aria-hidden=\"true\"><\/i><strong> Clases: <\/strong> Conversa con nosotros v\u00eda WhatsApp 5585334488.<\/p>\n<p><i class=\"fa fa-trophy fa-2x\" style=\"color: #ffb71b; margin-right: 5px;\" aria-hidden=\"true\"><\/i><strong> Logro: <\/strong> Clase demo dirigida a niveles iniciantes.<\/p>\n","protected":false},"featured_media":17232,"comment_status":"closed","ping_status":"closed","template":"","meta":{"_joinchat":[]},"product_brand":[],"product_cat":[47],"product_tag":[],"class_list":{"0":"post-20464","1":"product","2":"type-product","3":"status-publish","4":"has-post-thumbnail","6":"product_cat-clases-demo-online","8":"first","9":"instock","10":"sale","11":"sold-individually","12":"shipping-taxable","13":"purchasable","14":"product-type-variable"},"yoast_head":"<!-- This site is optimized with the Yoast SEO plugin v27.4 - https:\/\/yoast.com\/product\/yoast-seo-wordpress\/ -->\n<title>Clase demo de Portugu\u00e9s - Casa do Brasil en M\u00e9xico \u2013 Cursos de Portugu\u00e9s<\/title>\n<meta name=\"robots\" content=\"index, follow, max-snippet:-1, max-image-preview:large, max-video-preview:-1\" \/>\n<link rel=\"canonical\" href=\"https:\/\/casadobrasil.com.mx\/cdb2023\/producto\/clase-demo-de-portugues\/\" \/>\n<meta property=\"og:locale\" content=\"es_MX\" \/>\n<meta property=\"og:type\" content=\"article\" \/>\n<meta property=\"og:title\" content=\"Clase demo de Portugu\u00e9s - Casa do Brasil en M\u00e9xico \u2013 Cursos de Portugu\u00e9s\" \/>\n<meta property=\"og:description\" content=\"Duraci\u00f3n: Hora y media.   Clases: Conversa con nosotros v\u00eda WhatsApp 5585334488.   Logro: Clase demo dirigida a niveles iniciantes.\" \/>\n<meta property=\"og:url\" content=\"https:\/\/casadobrasil.com.mx\/cdb2023\/producto\/clase-demo-de-portugues\/\" \/>\n<meta property=\"og:site_name\" content=\"Casa do Brasil en M\u00e9xico \u2013 Cursos de Portugu\u00e9s\" \/>\n<meta property=\"article:publisher\" content=\"https:\/\/www.facebook.com\/casadobrasilmx\/\" \/>\n<meta property=\"article:modified_time\" content=\"2026-04-23T18:29:12+00:00\" \/>\n<meta property=\"og:image\" content=\"https:\/\/casadobrasil.com.mx\/cdb2023\/wp-content\/uploads\/2022\/12\/WhatsApp-Image-2021-04-20-at-16.33.18-1197x359-1.jpeg\" \/>\n\t<meta property=\"og:image:width\" content=\"1197\" \/>\n\t<meta property=\"og:image:height\" content=\"359\" \/>\n\t<meta property=\"og:image:type\" content=\"image\/jpeg\" \/>\n<meta name=\"twitter:card\" content=\"summary_large_image\" \/>\n<meta name=\"twitter:site\" content=\"@casadobrasil\" \/>\n<meta name=\"twitter:label1\" content=\"Tiempo de lectura\" \/>\n\t<meta name=\"twitter:data1\" content=\"2 minutos\" \/>\n<script type=\"application\/ld+json\" class=\"yoast-schema-graph\">{\"@context\":\"https:\\\/\\\/schema.org\",\"@graph\":[{\"@type\":\"WebPage\",\"@id\":\"https:\\\/\\\/casadobrasil.com.mx\\\/cdb2023\\\/producto\\\/clase-demo-de-portugues\\\/\",\"url\":\"https:\\\/\\\/casadobrasil.com.mx\\\/cdb2023\\\/producto\\\/clase-demo-de-portugues\\\/\",\"name\":\"Clase demo de Portugu\u00e9s - Casa do Brasil en M\u00e9xico \u2013 Cursos de Portugu\u00e9s\",\"isPartOf\":{\"@id\":\"https:\\\/\\\/casadobrasil.com.mx\\\/cdb2023\\\/#website\"},\"primaryImageOfPage\":{\"@id\":\"https:\\\/\\\/casadobrasil.com.mx\\\/cdb2023\\\/producto\\\/clase-demo-de-portugues\\\/#primaryimage\"},\"image\":{\"@id\":\"https:\\\/\\\/casadobrasil.com.mx\\\/cdb2023\\\/producto\\\/clase-demo-de-portugues\\\/#primaryimage\"},\"thumbnailUrl\":\"https:\\\/\\\/casadobrasil.com.mx\\\/cdb2023\\\/wp-content\\\/uploads\\\/2022\\\/12\\\/WhatsApp-Image-2021-04-20-at-16.33.18-1197x359-1.jpeg\",\"datePublished\":\"2023-07-22T23:44:00+00:00\",\"dateModified\":\"2026-04-23T18:29:12+00:00\",\"breadcrumb\":{\"@id\":\"https:\\\/\\\/casadobrasil.com.mx\\\/cdb2023\\\/producto\\\/clase-demo-de-portugues\\\/#breadcrumb\"},\"inLanguage\":\"es\",\"potentialAction\":[{\"@type\":\"ReadAction\",\"target\":[\"https:\\\/\\\/casadobrasil.com.mx\\\/cdb2023\\\/producto\\\/clase-demo-de-portugues\\\/\"]}]},{\"@type\":\"ImageObject\",\"inLanguage\":\"es\",\"@id\":\"https:\\\/\\\/casadobrasil.com.mx\\\/cdb2023\\\/producto\\\/clase-demo-de-portugues\\\/#primaryimage\",\"url\":\"https:\\\/\\\/casadobrasil.com.mx\\\/cdb2023\\\/wp-content\\\/uploads\\\/2022\\\/12\\\/WhatsApp-Image-2021-04-20-at-16.33.18-1197x359-1.jpeg\",\"contentUrl\":\"https:\\\/\\\/casadobrasil.com.mx\\\/cdb2023\\\/wp-content\\\/uploads\\\/2022\\\/12\\\/WhatsApp-Image-2021-04-20-at-16.33.18-1197x359-1.jpeg\",\"width\":1197,\"height\":359},{\"@type\":\"BreadcrumbList\",\"@id\":\"https:\\\/\\\/casadobrasil.com.mx\\\/cdb2023\\\/producto\\\/clase-demo-de-portugues\\\/#breadcrumb\",\"itemListElement\":[{\"@type\":\"ListItem\",\"position\":1,\"name\":\"Inicio\",\"item\":\"https:\\\/\\\/casadobrasil.com.mx\\\/cdb2023\\\/\"},{\"@type\":\"ListItem\",\"position\":2,\"name\":\"Tienda\",\"item\":\"https:\\\/\\\/casadobrasil.com.mx\\\/cdb2023\\\/tienda\\\/\"},{\"@type\":\"ListItem\",\"position\":3,\"name\":\"Clase demo de Portugu\u00e9s\"}]},{\"@type\":\"WebSite\",\"@id\":\"https:\\\/\\\/casadobrasil.com.mx\\\/cdb2023\\\/#website\",\"url\":\"https:\\\/\\\/casadobrasil.com.mx\\\/cdb2023\\\/\",\"name\":\"Casa do Brasil en M\u00e9xico \u2013 Cursos de Portugu\u00e9s\",\"description\":\"Cursos de Portugu\u00e9s Online en M\u00e9xico. Profesores nativos Gobierno de Brasil Celpe-bras\",\"publisher\":{\"@id\":\"https:\\\/\\\/casadobrasil.com.mx\\\/cdb2023\\\/#organization\"},\"potentialAction\":[{\"@type\":\"SearchAction\",\"target\":{\"@type\":\"EntryPoint\",\"urlTemplate\":\"https:\\\/\\\/casadobrasil.com.mx\\\/cdb2023\\\/?s={search_term_string}\"},\"query-input\":{\"@type\":\"PropertyValueSpecification\",\"valueRequired\":true,\"valueName\":\"search_term_string\"}}],\"inLanguage\":\"es\"},{\"@type\":\"Organization\",\"@id\":\"https:\\\/\\\/casadobrasil.com.mx\\\/cdb2023\\\/#organization\",\"name\":\"Casa do Brasil en M\u00e9xico \u2013 Cursos de Portugu\u00e9s\",\"url\":\"https:\\\/\\\/casadobrasil.com.mx\\\/cdb2023\\\/\",\"logo\":{\"@type\":\"ImageObject\",\"inLanguage\":\"es\",\"@id\":\"https:\\\/\\\/casadobrasil.com.mx\\\/cdb2023\\\/#\\\/schema\\\/logo\\\/image\\\/\",\"url\":\"https:\\\/\\\/casadobrasil.com.mx\\\/cdb2023\\\/wp-content\\\/uploads\\\/2022\\\/12\\\/logo-casa-do-brasil.png\",\"contentUrl\":\"https:\\\/\\\/casadobrasil.com.mx\\\/cdb2023\\\/wp-content\\\/uploads\\\/2022\\\/12\\\/logo-casa-do-brasil.png\",\"width\":480,\"height\":270,\"caption\":\"Casa do Brasil en M\u00e9xico \u2013 Cursos de Portugu\u00e9s\"},\"image\":{\"@id\":\"https:\\\/\\\/casadobrasil.com.mx\\\/cdb2023\\\/#\\\/schema\\\/logo\\\/image\\\/\"},\"sameAs\":[\"https:\\\/\\\/www.facebook.com\\\/casadobrasilmx\\\/\",\"https:\\\/\\\/x.com\\\/casadobrasil\"]}]}<\/script>\n<!-- \/ Yoast SEO plugin. -->","yoast_head_json":{"title":"Clase demo de Portugu\u00e9s - Casa do Brasil en M\u00e9xico \u2013 Cursos de Portugu\u00e9s","robots":{"index":"index","follow":"follow","max-snippet":"max-snippet:-1","max-image-preview":"max-image-preview:large","max-video-preview":"max-video-preview:-1"},"canonical":"https:\/\/casadobrasil.com.mx\/cdb2023\/producto\/clase-demo-de-portugues\/","og_locale":"es_MX","og_type":"article","og_title":"Clase demo de Portugu\u00e9s - Casa do Brasil en M\u00e9xico \u2013 Cursos de Portugu\u00e9s","og_description":"Duraci\u00f3n: Hora y media.   Clases: Conversa con nosotros v\u00eda WhatsApp 5585334488.   Logro: Clase demo dirigida a niveles iniciantes.","og_url":"https:\/\/casadobrasil.com.mx\/cdb2023\/producto\/clase-demo-de-portugues\/","og_site_name":"Casa do Brasil en M\u00e9xico \u2013 Cursos de Portugu\u00e9s","article_publisher":"https:\/\/www.facebook.com\/casadobrasilmx\/","article_modified_time":"2026-04-23T18:29:12+00:00","og_image":[{"width":1197,"height":359,"url":"https:\/\/casadobrasil.com.mx\/cdb2023\/wp-content\/uploads\/2022\/12\/WhatsApp-Image-2021-04-20-at-16.33.18-1197x359-1.jpeg","type":"image\/jpeg"}],"twitter_card":"summary_large_image","twitter_site":"@casadobrasil","twitter_misc":{"Tiempo de lectura":"2 minutos"},"schema":{"@context":"https:\/\/schema.org","@graph":[{"@type":"WebPage","@id":"https:\/\/casadobrasil.com.mx\/cdb2023\/producto\/clase-demo-de-portugues\/","url":"https:\/\/casadobrasil.com.mx\/cdb2023\/producto\/clase-demo-de-portugues\/","name":"Clase demo de Portugu\u00e9s - Casa do Brasil en M\u00e9xico \u2013 Cursos de Portugu\u00e9s","isPartOf":{"@id":"https:\/\/casadobrasil.com.mx\/cdb2023\/#website"},"primaryImageOfPage":{"@id":"https:\/\/casadobrasil.com.mx\/cdb2023\/producto\/clase-demo-de-portugues\/#primaryimage"},"image":{"@id":"https:\/\/casadobrasil.com.mx\/cdb2023\/producto\/clase-demo-de-portugues\/#primaryimage"},"thumbnailUrl":"https:\/\/casadobrasil.com.mx\/cdb2023\/wp-content\/uploads\/2022\/12\/WhatsApp-Image-2021-04-20-at-16.33.18-1197x359-1.jpeg","datePublished":"2023-07-22T23:44:00+00:00","dateModified":"2026-04-23T18:29:12+00:00","breadcrumb":{"@id":"https:\/\/casadobrasil.com.mx\/cdb2023\/producto\/clase-demo-de-portugues\/#breadcrumb"},"inLanguage":"es","potentialAction":[{"@type":"ReadAction","target":["https:\/\/casadobrasil.com.mx\/cdb2023\/producto\/clase-demo-de-portugues\/"]}]},{"@type":"ImageObject","inLanguage":"es","@id":"https:\/\/casadobrasil.com.mx\/cdb2023\/producto\/clase-demo-de-portugues\/#primaryimage","url":"https:\/\/casadobrasil.com.mx\/cdb2023\/wp-content\/uploads\/2022\/12\/WhatsApp-Image-2021-04-20-at-16.33.18-1197x359-1.jpeg","contentUrl":"https:\/\/casadobrasil.com.mx\/cdb2023\/wp-content\/uploads\/2022\/12\/WhatsApp-Image-2021-04-20-at-16.33.18-1197x359-1.jpeg","width":1197,"height":359},{"@type":"BreadcrumbList","@id":"https:\/\/casadobrasil.com.mx\/cdb2023\/producto\/clase-demo-de-portugues\/#breadcrumb","itemListElement":[{"@type":"ListItem","position":1,"name":"Inicio","item":"https:\/\/casadobrasil.com.mx\/cdb2023\/"},{"@type":"ListItem","position":2,"name":"Tienda","item":"https:\/\/casadobrasil.com.mx\/cdb2023\/tienda\/"},{"@type":"ListItem","position":3,"name":"Clase demo de Portugu\u00e9s"}]},{"@type":"WebSite","@id":"https:\/\/casadobrasil.com.mx\/cdb2023\/#website","url":"https:\/\/casadobrasil.com.mx\/cdb2023\/","name":"Casa do Brasil en M\u00e9xico \u2013 Cursos de Portugu\u00e9s","description":"Cursos de Portugu\u00e9s Online en M\u00e9xico. Profesores nativos Gobierno de Brasil Celpe-bras","publisher":{"@id":"https:\/\/casadobrasil.com.mx\/cdb2023\/#organization"},"potentialAction":[{"@type":"SearchAction","target":{"@type":"EntryPoint","urlTemplate":"https:\/\/casadobrasil.com.mx\/cdb2023\/?s={search_term_string}"},"query-input":{"@type":"PropertyValueSpecification","valueRequired":true,"valueName":"search_term_string"}}],"inLanguage":"es"},{"@type":"Organization","@id":"https:\/\/casadobrasil.com.mx\/cdb2023\/#organization","name":"Casa do Brasil en M\u00e9xico \u2013 Cursos de Portugu\u00e9s","url":"https:\/\/casadobrasil.com.mx\/cdb2023\/","logo":{"@type":"ImageObject","inLanguage":"es","@id":"https:\/\/casadobrasil.com.mx\/cdb2023\/#\/schema\/logo\/image\/","url":"https:\/\/casadobrasil.com.mx\/cdb2023\/wp-content\/uploads\/2022\/12\/logo-casa-do-brasil.png","contentUrl":"https:\/\/casadobrasil.com.mx\/cdb2023\/wp-content\/uploads\/2022\/12\/logo-casa-do-brasil.png","width":480,"height":270,"caption":"Casa do Brasil en M\u00e9xico \u2013 Cursos de Portugu\u00e9s"},"image":{"@id":"https:\/\/casadobrasil.com.mx\/cdb2023\/#\/schema\/logo\/image\/"},"sameAs":["https:\/\/www.facebook.com\/casadobrasilmx\/","https:\/\/x.com\/casadobrasil"]}]}},"_links":{"self":[{"href":"https:\/\/casadobrasil.com.mx\/cdb2023\/wp-json\/wp\/v2\/product\/20464","targetHints":{"allow":["GET"]}}],"collection":[{"href":"https:\/\/casadobrasil.com.mx\/cdb2023\/wp-json\/wp\/v2\/product"}],"about":[{"href":"https:\/\/casadobrasil.com.mx\/cdb2023\/wp-json\/wp\/v2\/types\/product"}],"replies":[{"embeddable":true,"href":"https:\/\/casadobrasil.com.mx\/cdb2023\/wp-json\/wp\/v2\/comments?post=20464"}],"wp:featuredmedia":[{"embeddable":true,"href":"https:\/\/casadobrasil.com.mx\/cdb2023\/wp-json\/wp\/v2\/media\/17232"}],"wp:attachment":[{"href":"https:\/\/casadobrasil.com.mx\/cdb2023\/wp-json\/wp\/v2\/media?parent=20464"}],"wp:term":[{"taxonomy":"product_brand","embeddable":true,"href":"https:\/\/casadobrasil.com.mx\/cdb2023\/wp-json\/wp\/v2\/product_brand?post=20464"},{"taxonomy":"product_cat","embeddable":true,"href":"https:\/\/casadobrasil.com.mx\/cdb2023\/wp-json\/wp\/v2\/product_cat?post=20464"},{"taxonomy":"product_tag","embeddable":true,"href":"https:\/\/casadobrasil.com.mx\/cdb2023\/wp-json\/wp\/v2\/product_tag?post=20464"}],"curies":[{"name":"wp","href":"https:\/\/api.w.org\/{rel}","templated":true}]}}